{"id":897,"date":"2026-01-22T20:38:05","date_gmt":"2026-01-22T20:38:05","guid":{"rendered":"https:\/\/www.inout.pro\/?page_id=897"},"modified":"2026-03-20T15:41:37","modified_gmt":"2026-03-20T15:41:37","slug":"ces-2026","status":"publish","type":"page","link":"https:\/\/www.inout.pro\/index.php\/ces-2026\/","title":{"rendered":"INOUT PARTICIPA DE CES 2026"},"content":{"rendered":"\t\t<div data-elementor-type=\"wp-page\" data-elementor-id=\"897\" class=\"elementor elementor-897\">\n\t\t\t\t<div class=\"elementor-element elementor-element-4d5d3e5 e-flex e-con-boxed e-con e-parent\" data-id=\"4d5d3e5\" data-element_type=\"container\" data-settings=\"{&quot;background_background&quot;:&quot;classic&quot;,&quot;_ha_eqh_enable&quot;:false}\">\n\t\t\t\t\t<div class=\"e-con-inner\">\n\t\t\t\t<div class=\"elementor-element elementor-element-5a848fa elementor-widget elementor-widget-heading\" data-id=\"5a848fa\" data-element_type=\"widget\" data-widget_type=\"heading.default\">\n\t\t\t\t<div class=\"elementor-widget-container\">\n\t\t\t<h2 class=\"elementor-heading-title elementor-size-default\">INOUT PARTICIPA DE CES 2026<\/h2>\t\t<\/div>\n\t\t\t\t<\/div>\n\t\t\t\t<div class=\"elementor-element elementor-element-630a3b5 elementor-widget elementor-widget-image\" data-id=\"630a3b5\" data-element_type=\"widget\" data-widget_type=\"image.default\">\n\t\t\t\t<div class=\"elementor-widget-container\">\n\t\t\t\t\t\t\t\t\t\t\t\t\t<img fetchpriority=\"high\" decoding=\"async\" width=\"1024\" height=\"768\" src=\"https:\/\/www.inout.pro\/wp-content\/uploads\/2026\/01\/WhatsApp-Image-2026-01-12-at-8.47.55-AM-1024x768.jpeg\" class=\"attachment-large size-large wp-image-890\" alt=\"\" srcset=\"https:\/\/www.inout.pro\/wp-content\/uploads\/2026\/01\/WhatsApp-Image-2026-01-12-at-8.47.55-AM-1024x768.jpeg 1024w, https:\/\/www.inout.pro\/wp-content\/uploads\/2026\/01\/WhatsApp-Image-2026-01-12-at-8.47.55-AM-300x225.jpeg 300w, https:\/\/www.inout.pro\/wp-content\/uploads\/2026\/01\/WhatsApp-Image-2026-01-12-at-8.47.55-AM-768x576.jpeg 768w, https:\/\/www.inout.pro\/wp-content\/uploads\/2026\/01\/WhatsApp-Image-2026-01-12-at-8.47.55-AM-1536x1152.jpeg 1536w, https:\/\/www.inout.pro\/wp-content\/uploads\/2026\/01\/WhatsApp-Image-2026-01-12-at-8.47.55-AM.jpeg 1600w\" sizes=\"(max-width: 1024px) 100vw, 1024px\" \/>\t\t\t\t\t\t\t\t\t\t\t\t\t<\/div>\n\t\t\t\t<\/div>\n\t\t\t\t<div class=\"elementor-element elementor-element-01c621a elementor-widget__width-initial elementor-widget elementor-widget-text-editor\" data-id=\"01c621a\" data-element_type=\"widget\" data-widget_type=\"text-editor.default\">\n\t\t\t\t<div class=\"elementor-widget-container\">\n\t\t\t\t\t\t\t<p>La empresa puertorrique\u00f1a InOut Corp. se convirti\u00f3 en la primera compa\u00f1\u00eda local en participar del Consumer Electronics Show (CES) 2026, la feria de tecnolog\u00eda m\u00e1s grande e influyente del mundo, que se celebra esta semana en Las Vegas, Nevada.<\/p><p>La presencia de InOut Corp. en este evento internacional marca un hito para el ecosistema tecnol\u00f3gico del pa\u00eds y posiciona el talento puertorrique\u00f1o en el escenario global de la innovaci\u00f3n.<\/p><p>El CES 2026 re\u00fane a l\u00edderes de la industria tecnol\u00f3gica, \u2018startups\u2019 e innovadores de todo el mundo para presentar las tendencias que definir\u00e1n el futuro del sector, con \u00e9nfasis en \u00e1reas como inteligencia artificial, movilidad, salud digital, rob\u00f3tica y sostenibilidad.<\/p><p>Fundada en 2018, InOut Corp. es una empresa puertorrique\u00f1a dedicada a la consultor\u00eda en sistemas de informaci\u00f3n y al desarrollo de aplicaciones. La delegaci\u00f3n que representa a la compa\u00f1\u00eda en Las Vegas est\u00e1 compuesta por Javier Donato, Milagros E. Viruet, Eduardo Cuevas, Evelia E. Contreras, Javier Donato Torres y Esteban Donato.<\/p><p>Durante el CES se presentan nuevos productos, prototipos y soluciones tecnol\u00f3gicas que abarcan desde algoritmos de inteligencia artificial aplicados a dispositivos cotidianos, hasta rob\u00f3tica avanzada, electr\u00f3nica de consumo, veh\u00edculos el\u00e9ctricos y aut\u00f3nomos, hogares inteligentes, ciudades conectadas y tecnolog\u00eda m\u00e9dica, educativa e industrial.<\/p><p>El evento tambi\u00e9n incluye conferencias magistrales, demostraciones en vivo y espacios de \u2018networking\u2019 donde se analiza el impacto de la tecnolog\u00eda en la econom\u00eda, la sociedad y la vida diaria.<\/p><p>Editado. <a href=\"https:\/\/www.metro.pr\/noticias\/2026\/01\/07\/empresa-puertorriquena-marca-hito-tras-participar-en-la-feria-de-tecnologia-mas-grande-del-mundo\/\" target=\"_blank\" rel=\"noopener\">Metro<\/a><\/p>\t\t\t\t\t\t<\/div>\n\t\t\t\t<\/div>\n\t\t\t\t<div class=\"elementor-element elementor-element-254f2a5 elementor-widget elementor-widget-image-gallery\" data-id=\"254f2a5\" data-element_type=\"widget\" data-widget_type=\"image-gallery.default\">\n\t\t\t\t<div class=\"elementor-widget-container\">\n\t\t\t\t\t<div class=\"elementor-image-gallery\">\n\t\t\t<div id='gallery-1' class='gallery galleryid-897 gallery-columns-3 gallery-size-large'><figure class='gallery-item'>\n\t\t\t<div class='gallery-icon landscape'>\n\t\t\t\t<a data-elementor-open-lightbox=\"yes\" data-elementor-lightbox-slideshow=\"254f2a5\" data-elementor-lightbox-title=\"WhatsApp Image 2026-01-12 at 8.47.33 AM\" data-e-action-hash=\"#elementor-action%3Aaction%3Dlightbox%26settings%3DeyJpZCI6OTExLCJ1cmwiOiJodHRwczpcL1wvd3d3Lmlub3V0LnByb1wvd3AtY29udGVudFwvdXBsb2Fkc1wvMjAyNlwvMDFcL1doYXRzQXBwLUltYWdlLTIwMjYtMDEtMTItYXQtOC40Ny4zMy1BTS5qcGVnIiwic2xpZGVzaG93IjoiMjU0ZjJhNSJ9\" href='https:\/\/www.inout.pro\/wp-content\/uploads\/2026\/01\/WhatsApp-Image-2026-01-12-at-8.47.33-AM.jpeg'><img decoding=\"async\" width=\"1024\" height=\"768\" src=\"https:\/\/www.inout.pro\/wp-content\/uploads\/2026\/01\/WhatsApp-Image-2026-01-12-at-8.47.33-AM-1024x768.jpeg\" class=\"attachment-large size-large\" alt=\"\" srcset=\"https:\/\/www.inout.pro\/wp-content\/uploads\/2026\/01\/WhatsApp-Image-2026-01-12-at-8.47.33-AM-1024x768.jpeg 1024w, https:\/\/www.inout.pro\/wp-content\/uploads\/2026\/01\/WhatsApp-Image-2026-01-12-at-8.47.33-AM-300x225.jpeg 300w, https:\/\/www.inout.pro\/wp-content\/uploads\/2026\/01\/WhatsApp-Image-2026-01-12-at-8.47.33-AM-768x576.jpeg 768w, https:\/\/www.inout.pro\/wp-content\/uploads\/2026\/01\/WhatsApp-Image-2026-01-12-at-8.47.33-AM-1536x1152.jpeg 1536w, https:\/\/www.inout.pro\/wp-content\/uploads\/2026\/01\/WhatsApp-Image-2026-01-12-at-8.47.33-AM.jpeg 1600w\" sizes=\"(max-width: 1024px) 100vw, 1024px\" \/><\/a>\n\t\t\t<\/div><\/figure><figure class='gallery-item'>\n\t\t\t<div class='gallery-icon landscape'>\n\t\t\t\t<a data-elementor-open-lightbox=\"yes\" data-elementor-lightbox-slideshow=\"254f2a5\" data-elementor-lightbox-title=\"WhatsApp Image 2026-01-09 at 7.39.57 PM\" data-e-action-hash=\"#elementor-action%3Aaction%3Dlightbox%26settings%3DeyJpZCI6OTA5LCJ1cmwiOiJodHRwczpcL1wvd3d3Lmlub3V0LnByb1wvd3AtY29udGVudFwvdXBsb2Fkc1wvMjAyNlwvMDFcL1doYXRzQXBwLUltYWdlLTIwMjYtMDEtMDktYXQtNy4zOS41Ny1QTS5qcGVnIiwic2xpZGVzaG93IjoiMjU0ZjJhNSJ9\" href='https:\/\/www.inout.pro\/wp-content\/uploads\/2026\/01\/WhatsApp-Image-2026-01-09-at-7.39.57-PM.jpeg'><img decoding=\"async\" width=\"1024\" height=\"768\" src=\"https:\/\/www.inout.pro\/wp-content\/uploads\/2026\/01\/WhatsApp-Image-2026-01-09-at-7.39.57-PM-1024x768.jpeg\" class=\"attachment-large size-large\" alt=\"\" srcset=\"https:\/\/www.inout.pro\/wp-content\/uploads\/2026\/01\/WhatsApp-Image-2026-01-09-at-7.39.57-PM-1024x768.jpeg 1024w, https:\/\/www.inout.pro\/wp-content\/uploads\/2026\/01\/WhatsApp-Image-2026-01-09-at-7.39.57-PM-300x225.jpeg 300w, https:\/\/www.inout.pro\/wp-content\/uploads\/2026\/01\/WhatsApp-Image-2026-01-09-at-7.39.57-PM-768x576.jpeg 768w, https:\/\/www.inout.pro\/wp-content\/uploads\/2026\/01\/WhatsApp-Image-2026-01-09-at-7.39.57-PM-1536x1152.jpeg 1536w, https:\/\/www.inout.pro\/wp-content\/uploads\/2026\/01\/WhatsApp-Image-2026-01-09-at-7.39.57-PM.jpeg 1600w\" sizes=\"(max-width: 1024px) 100vw, 1024px\" \/><\/a>\n\t\t\t<\/div><\/figure><figure class='gallery-item'>\n\t\t\t<div class='gallery-icon landscape'>\n\t\t\t\t<a data-elementor-open-lightbox=\"yes\" data-elementor-lightbox-slideshow=\"254f2a5\" data-elementor-lightbox-title=\"WhatsApp Image 2026-01-06 at 7.20.54 PM\" data-e-action-hash=\"#elementor-action%3Aaction%3Dlightbox%26settings%3DeyJpZCI6OTI2LCJ1cmwiOiJodHRwczpcL1wvd3d3Lmlub3V0LnByb1wvd3AtY29udGVudFwvdXBsb2Fkc1wvMjAyNlwvMDNcL1doYXRzQXBwLUltYWdlLTIwMjYtMDEtMDYtYXQtNy4yMC41NC1QTS5qcGVnIiwic2xpZGVzaG93IjoiMjU0ZjJhNSJ9\" href='https:\/\/www.inout.pro\/wp-content\/uploads\/2026\/03\/WhatsApp-Image-2026-01-06-at-7.20.54-PM.jpeg'><img loading=\"lazy\" decoding=\"async\" width=\"1024\" height=\"768\" src=\"https:\/\/www.inout.pro\/wp-content\/uploads\/2026\/03\/WhatsApp-Image-2026-01-06-at-7.20.54-PM-1024x768.jpeg\" class=\"attachment-large size-large\" alt=\"\" srcset=\"https:\/\/www.inout.pro\/wp-content\/uploads\/2026\/03\/WhatsApp-Image-2026-01-06-at-7.20.54-PM-1024x768.jpeg 1024w, https:\/\/www.inout.pro\/wp-content\/uploads\/2026\/03\/WhatsApp-Image-2026-01-06-at-7.20.54-PM-300x225.jpeg 300w, https:\/\/www.inout.pro\/wp-content\/uploads\/2026\/03\/WhatsApp-Image-2026-01-06-at-7.20.54-PM-768x576.jpeg 768w, https:\/\/www.inout.pro\/wp-content\/uploads\/2026\/03\/WhatsApp-Image-2026-01-06-at-7.20.54-PM-1536x1152.jpeg 1536w, https:\/\/www.inout.pro\/wp-content\/uploads\/2026\/03\/WhatsApp-Image-2026-01-06-at-7.20.54-PM.jpeg 2048w\" sizes=\"(max-width: 1024px) 100vw, 1024px\" \/><\/a>\n\t\t\t<\/div><\/figure>\n\t\t<\/div>\n\t\t<\/div>\n\t\t\t\t<\/div>\n\t\t\t\t<\/div>\n\t\t\t\t\t<\/div>\n\t\t\t\t<\/div>\n\t\t\t\t<\/div>\n\t\t","protected":false},"excerpt":{"rendered":"<p>INOUT PARTICIPA DE CES 2026 La empresa puertorrique\u00f1a InOut Corp. se convirti\u00f3 en la primera compa\u00f1\u00eda local en participar del Consumer Electronics Show (CES) 2026, la feria de tecnolog\u00eda m\u00e1s grande e influyente del mundo, que se celebra esta semana en Las Vegas, Nevada. La presencia de InOut Corp. en este evento internacional marca un &#8230; <a title=\"INOUT PARTICIPA DE CES 2026\" class=\"read-more\" href=\"https:\/\/www.inout.pro\/index.php\/ces-2026\/\" aria-label=\"Read more about INOUT PARTICIPA DE CES 2026\">Read more<\/a><\/p>\n","protected":false},"author":1,"featured_media":0,"parent":0,"menu_order":0,"comment_status":"closed","ping_status":"closed","template":"","meta":{"ngg_post_thumbnail":0,"footnotes":""},"class_list":["post-897","page","type-page","status-publish"],"_links":{"self":[{"href":"https:\/\/www.inout.pro\/index.php\/wp-json\/wp\/v2\/pages\/897"}],"collection":[{"href":"https:\/\/www.inout.pro\/index.php\/wp-json\/wp\/v2\/pages"}],"about":[{"href":"https:\/\/www.inout.pro\/index.php\/wp-json\/wp\/v2\/types\/page"}],"author":[{"embeddable":true,"href":"https:\/\/www.inout.pro\/index.php\/wp-json\/wp\/v2\/users\/1"}],"replies":[{"embeddable":true,"href":"https:\/\/www.inout.pro\/index.php\/wp-json\/wp\/v2\/comments?post=897"}],"version-history":[{"count":16,"href":"https:\/\/www.inout.pro\/index.php\/wp-json\/wp\/v2\/pages\/897\/revisions"}],"predecessor-version":[{"id":929,"href":"https:\/\/www.inout.pro\/index.php\/wp-json\/wp\/v2\/pages\/897\/revisions\/929"}],"wp:attachment":[{"href":"https:\/\/www.inout.pro\/index.php\/wp-json\/wp\/v2\/media?parent=897"}],"curies":[{"name":"wp","href":"https:\/\/api.w.org\/{rel}","templated":true}]}}