{"id":581,"date":"2025-05-26T18:15:32","date_gmt":"2025-05-26T18:15:32","guid":{"rendered":"http:\/\/2024.inout.pro\/?page_id=581"},"modified":"2025-05-29T17:24:40","modified_gmt":"2025-05-29T17:24:40","slug":"lupa-bay-info","status":"publish","type":"page","link":"https:\/\/www.inout.pro\/index.php\/lupa-bay-info\/","title":{"rendered":"Lupa-BAY"},"content":{"rendered":"\t\t<div data-elementor-type=\"wp-page\" data-elementor-id=\"581\" class=\"elementor elementor-581\">\n\t\t\t\t<div class=\"elementor-element elementor-element-9d0c6e7 e-flex e-con-boxed e-con e-parent\" data-id=\"9d0c6e7\" data-element_type=\"container\" data-settings=\"{&quot;_ha_eqh_enable&quot;:false}\">\n\t\t\t\t\t<div class=\"e-con-inner\">\n\t\t\t\t<div class=\"elementor-element elementor-element-3f9fa91 elementor-widget elementor-widget-image\" data-id=\"3f9fa91\" data-element_type=\"widget\" data-widget_type=\"image.default\">\n\t\t\t\t<div class=\"elementor-widget-container\">\n\t\t\t\t\t\t\t\t\t\t\t\t\t<img fetchpriority=\"high\" decoding=\"async\" width=\"466\" height=\"201\" src=\"https:\/\/www.inout.pro\/wp-content\/uploads\/2024\/10\/lupa-bay-logo.png\" class=\"attachment-large size-large wp-image-127\" alt=\"\" srcset=\"https:\/\/www.inout.pro\/wp-content\/uploads\/2024\/10\/lupa-bay-logo.png 466w, https:\/\/www.inout.pro\/wp-content\/uploads\/2024\/10\/lupa-bay-logo-300x129.png 300w\" sizes=\"(max-width: 466px) 100vw, 466px\" \/>\t\t\t\t\t\t\t\t\t\t\t\t\t<\/div>\n\t\t\t\t<\/div>\n\t\t\t\t\t<\/div>\n\t\t\t\t<\/div>\n\t\t<div class=\"elementor-element elementor-element-12349d6 e-flex e-con-boxed e-con e-parent\" data-id=\"12349d6\" data-element_type=\"container\" data-settings=\"{&quot;background_background&quot;:&quot;classic&quot;,&quot;_ha_eqh_enable&quot;:false}\">\n\t\t\t\t\t<div class=\"e-con-inner\">\n\t\t\t\t<div class=\"elementor-element elementor-element-0cfaed2 elementor-widget elementor-widget-spacer\" data-id=\"0cfaed2\" data-element_type=\"widget\" data-widget_type=\"spacer.default\">\n\t\t\t\t<div class=\"elementor-widget-container\">\n\t\t\t\t\t<div class=\"elementor-spacer\">\n\t\t\t<div class=\"elementor-spacer-inner\"><\/div>\n\t\t<\/div>\n\t\t\t\t<\/div>\n\t\t\t\t<\/div>\n\t\t\t\t\t<\/div>\n\t\t\t\t<\/div>\n\t\t<div class=\"elementor-element elementor-element-b48ff34 e-con-full e-flex e-con e-parent\" data-id=\"b48ff34\" data-element_type=\"container\" data-settings=\"{&quot;background_background&quot;:&quot;classic&quot;,&quot;_ha_eqh_enable&quot;:false}\">\n\t\t<div class=\"elementor-element elementor-element-68e2621 e-con-full e-flex e-con e-child\" data-id=\"68e2621\" data-element_type=\"container\" data-settings=\"{&quot;_ha_eqh_enable&quot;:false}\">\n\t\t\t\t<div class=\"elementor-element elementor-element-cae1c00 elementor-widget elementor-widget-image\" data-id=\"cae1c00\" data-element_type=\"widget\" data-widget_type=\"image.default\">\n\t\t\t\t<div class=\"elementor-widget-container\">\n\t\t\t\t\t\t\t\t\t\t\t\t\t<img decoding=\"async\" width=\"88\" height=\"87\" src=\"https:\/\/www.inout.pro\/wp-content\/uploads\/2025\/05\/lupa.png\" class=\"attachment-full size-full wp-image-599\" alt=\"\" \/>\t\t\t\t\t\t\t\t\t\t\t\t\t<\/div>\n\t\t\t\t<\/div>\n\t\t\t\t<div class=\"elementor-element elementor-element-3d128f5 elementor-widget elementor-widget-heading\" data-id=\"3d128f5\" data-element_type=\"widget\" data-widget_type=\"heading.default\">\n\t\t\t\t<div class=\"elementor-widget-container\">\n\t\t\t<h2 class=\"elementor-heading-title elementor-size-default\">\u00bfQue es Lupa-BAY?<\/h2>\t\t<\/div>\n\t\t\t\t<\/div>\n\t\t\t\t<div class=\"elementor-element elementor-element-494ccc1 elementor-widget elementor-widget-text-editor\" data-id=\"494ccc1\" data-element_type=\"widget\" data-widget_type=\"text-editor.default\">\n\t\t\t\t<div class=\"elementor-widget-container\">\n\t\t\t\t\t\t\t<p>Lupa-Bay est\u00e1 dise\u00f1ado para visualizar un macro de los proyectos en desarrollo mediante un Dashboard. Por medio de la alimentaci\u00f3n de la base de datos, se podr\u00e1 ver un estado real de progreso de los proyectos que est\u00e1n asignados y en marcha. Cada encargado de proyecto tendr\u00e1 la responsabilidad de alimentar esa base de datos para que la Gerencia de Proyectos pueda ver en tiempo real el estado actual de sus proyectos sin la necesidad de recurrir a los centros o esperar que el encargado de proyectos rinda su informe sobre mismo. A la misma vez, los contratistas podr\u00e1n subir fotos y videos de estatus de las obras, los cuales podr\u00e1n ser vistos al instante en el Dashboard.<\/p><div>\u00a0<\/div>\t\t\t\t\t\t<\/div>\n\t\t\t\t<\/div>\n\t\t\t\t<div class=\"elementor-element elementor-element-7295c2b elementor-widget elementor-widget-spacer\" data-id=\"7295c2b\" data-element_type=\"widget\" data-widget_type=\"spacer.default\">\n\t\t\t\t<div class=\"elementor-widget-container\">\n\t\t\t\t\t<div class=\"elementor-spacer\">\n\t\t\t<div class=\"elementor-spacer-inner\"><\/div>\n\t\t<\/div>\n\t\t\t\t<\/div>\n\t\t\t\t<\/div>\n\t\t\t\t<\/div>\n\t\t\t\t<\/div>\n\t\t<div class=\"elementor-element elementor-element-446cdba e-flex e-con-boxed e-con e-parent\" data-id=\"446cdba\" data-element_type=\"container\" data-settings=\"{&quot;background_background&quot;:&quot;classic&quot;,&quot;_ha_eqh_enable&quot;:false}\">\n\t\t\t\t\t<div class=\"e-con-inner\">\n\t\t<div class=\"elementor-element elementor-element-051675a e-con-full e-flex e-con e-child\" data-id=\"051675a\" data-element_type=\"container\" data-settings=\"{&quot;_ha_eqh_enable&quot;:false}\">\n\t\t\t\t<div class=\"elementor-element elementor-element-3ee7244 elementor-widget elementor-widget-image\" data-id=\"3ee7244\" data-element_type=\"widget\" data-widget_type=\"image.default\">\n\t\t\t\t<div class=\"elementor-widget-container\">\n\t\t\t\t\t\t\t\t\t\t\t\t\t\t<a href=\"http:\/\/2024.inout.pro\/wp-content\/uploads\/2025\/05\/Lupa-Bay.png\" data-elementor-open-lightbox=\"yes\" data-elementor-lightbox-title=\"Lupa-Bay\" data-e-action-hash=\"#elementor-action%3Aaction%3Dlightbox%26settings%3DeyJpZCI6NzI3LCJ1cmwiOiJodHRwczpcL1wvd3d3Lmlub3V0LnByb1wvd3AtY29udGVudFwvdXBsb2Fkc1wvMjAyNVwvMDVcL0x1cGEtQmF5LnBuZyJ9\">\n\t\t\t\t\t\t\t<img decoding=\"async\" width=\"1188\" height=\"562\" src=\"https:\/\/www.inout.pro\/wp-content\/uploads\/2025\/05\/Lupa-Bay.png\" class=\"attachment-full size-full wp-image-727\" alt=\"\" srcset=\"https:\/\/www.inout.pro\/wp-content\/uploads\/2025\/05\/Lupa-Bay.png 1188w, https:\/\/www.inout.pro\/wp-content\/uploads\/2025\/05\/Lupa-Bay-300x142.png 300w, https:\/\/www.inout.pro\/wp-content\/uploads\/2025\/05\/Lupa-Bay-1024x484.png 1024w, https:\/\/www.inout.pro\/wp-content\/uploads\/2025\/05\/Lupa-Bay-768x363.png 768w\" sizes=\"(max-width: 1188px) 100vw, 1188px\" \/>\t\t\t\t\t\t\t\t<\/a>\n\t\t\t\t\t\t\t\t\t\t\t\t\t<\/div>\n\t\t\t\t<\/div>\n\t\t\t\t<\/div>\n\t\t<div class=\"elementor-element elementor-element-bdc873f e-con-full e-flex e-con e-child\" data-id=\"bdc873f\" data-element_type=\"container\" data-settings=\"{&quot;_ha_eqh_enable&quot;:false}\">\n\t\t\t\t<div class=\"elementor-element elementor-element-3e2f17f elementor-widget elementor-widget-heading\" data-id=\"3e2f17f\" data-element_type=\"widget\" data-widget_type=\"heading.default\">\n\t\t\t\t<div class=\"elementor-widget-container\">\n\t\t\t<h2 class=\"elementor-heading-title elementor-size-default\">Proposito<\/h2>\t\t<\/div>\n\t\t\t\t<\/div>\n\t\t\t\t<div class=\"elementor-element elementor-element-4fa8bbe elementor-widget elementor-widget-text-editor\" data-id=\"4fa8bbe\" data-element_type=\"widget\" data-widget_type=\"text-editor.default\">\n\t\t\t\t<div class=\"elementor-widget-container\">\n\t\t\t\t\t\t\t<div>Dentro de todos los proyectos de infraestructura, Lupa-Bay es la herramienta perfecta para conocer el estado de desarrollo de sus proyectos en tiempo real, sin tener que llegar a una reuni\u00f3n para discutir cada caso. Como Gerentes de proyecto es sumamente importante el conocer c\u00f3mo van desarroll\u00e1ndose cada obra y mejora en la cual se invierte su presupuesto.\u00a0<br \/>Lupa-Bay permite emplear los recursos a distancia alimentando esta base de datos para mantener ese dashboard constantemente actualizado.<\/div>\t\t\t\t\t\t<\/div>\n\t\t\t\t<\/div>\n\t\t\t\t<\/div>\n\t\t\t\t\t<\/div>\n\t\t\t\t<\/div>\n\t\t<div class=\"elementor-element elementor-element-ace714e e-flex e-con-boxed e-con e-parent\" data-id=\"ace714e\" data-element_type=\"container\" data-settings=\"{&quot;background_background&quot;:&quot;classic&quot;,&quot;_ha_eqh_enable&quot;:false}\">\n\t\t\t\t\t<div class=\"e-con-inner\">\n\t\t<div class=\"elementor-element elementor-element-5e5c954 e-con-full e-flex e-con e-child\" data-id=\"5e5c954\" data-element_type=\"container\" data-settings=\"{&quot;_ha_eqh_enable&quot;:false}\">\n\t\t\t\t<div class=\"elementor-element elementor-element-824671e elementor-widget elementor-widget-image\" data-id=\"824671e\" data-element_type=\"widget\" data-widget_type=\"image.default\">\n\t\t\t\t<div class=\"elementor-widget-container\">\n\t\t\t\t\t\t\t\t\t\t\t\t\t<img loading=\"lazy\" decoding=\"async\" width=\"1011\" height=\"545\" src=\"https:\/\/www.inout.pro\/wp-content\/uploads\/2025\/05\/DashBoard-Proyectos-con-Mapa.png\" class=\"attachment-full size-full wp-image-740\" alt=\"\" srcset=\"https:\/\/www.inout.pro\/wp-content\/uploads\/2025\/05\/DashBoard-Proyectos-con-Mapa.png 1011w, https:\/\/www.inout.pro\/wp-content\/uploads\/2025\/05\/DashBoard-Proyectos-con-Mapa-300x162.png 300w, https:\/\/www.inout.pro\/wp-content\/uploads\/2025\/05\/DashBoard-Proyectos-con-Mapa-768x414.png 768w\" sizes=\"(max-width: 1011px) 100vw, 1011px\" \/>\t\t\t\t\t\t\t\t\t\t\t\t\t<\/div>\n\t\t\t\t<\/div>\n\t\t\t\t<\/div>\n\t\t<div class=\"elementor-element elementor-element-f592a40 e-con-full e-flex e-con e-child\" data-id=\"f592a40\" data-element_type=\"container\" data-settings=\"{&quot;_ha_eqh_enable&quot;:false}\">\n\t\t\t\t<div class=\"elementor-element elementor-element-65e2336 elementor-widget elementor-widget-heading\" data-id=\"65e2336\" data-element_type=\"widget\" data-widget_type=\"heading.default\">\n\t\t\t\t<div class=\"elementor-widget-container\">\n\t\t\t<h2 class=\"elementor-heading-title elementor-size-default\">Dashboard - Proyectos<\/h2>\t\t<\/div>\n\t\t\t\t<\/div>\n\t\t\t\t<div class=\"elementor-element elementor-element-6c2cde2 elementor-widget elementor-widget-text-editor\" data-id=\"6c2cde2\" data-element_type=\"widget\" data-widget_type=\"text-editor.default\">\n\t\t\t\t<div class=\"elementor-widget-container\">\n\t\t\t\t\t\t\t<p>Lupa-Bay permite visualizar en detalles el progreso de cada proyecto de manera independiente. Esto significa que cada proyecto tiene su perfil propio. Cada perfil del proyecto contiene informaci\u00f3n relacionada al tipo de proyecto, t\u00e9rminos de tiempo, contratista asignado, costos entre otros. Lo que significa que no solo podr\u00e1 visualizar un macro de sus proyectos sino en detalle cada uno de ellos.<\/p>\t\t\t\t\t\t<\/div>\n\t\t\t\t<\/div>\n\t\t\t\t<\/div>\n\t\t\t\t\t<\/div>\n\t\t\t\t<\/div>\n\t\t<div class=\"elementor-element elementor-element-99bfd59 e-flex e-con-boxed e-con e-parent\" data-id=\"99bfd59\" data-element_type=\"container\" data-settings=\"{&quot;background_background&quot;:&quot;classic&quot;,&quot;_ha_eqh_enable&quot;:false}\">\n\t\t\t\t\t<div class=\"e-con-inner\">\n\t\t<div class=\"elementor-element elementor-element-5b2fd48 e-con-full e-flex e-con e-child\" data-id=\"5b2fd48\" data-element_type=\"container\" data-settings=\"{&quot;_ha_eqh_enable&quot;:false}\">\n\t\t\t\t<div class=\"elementor-element elementor-element-275a191 elementor-widget elementor-widget-image\" data-id=\"275a191\" data-element_type=\"widget\" data-widget_type=\"image.default\">\n\t\t\t\t<div class=\"elementor-widget-container\">\n\t\t\t\t\t\t\t\t\t\t\t\t\t<img loading=\"lazy\" decoding=\"async\" width=\"1855\" height=\"832\" src=\"https:\/\/www.inout.pro\/wp-content\/uploads\/2025\/05\/Lupa-Bay-Informes-2-e1748527272943.png\" class=\"attachment-full size-full wp-image-747\" alt=\"\" srcset=\"https:\/\/www.inout.pro\/wp-content\/uploads\/2025\/05\/Lupa-Bay-Informes-2-e1748527272943.png 1855w, https:\/\/www.inout.pro\/wp-content\/uploads\/2025\/05\/Lupa-Bay-Informes-2-e1748527272943-300x135.png 300w, https:\/\/www.inout.pro\/wp-content\/uploads\/2025\/05\/Lupa-Bay-Informes-2-e1748527272943-1024x459.png 1024w, https:\/\/www.inout.pro\/wp-content\/uploads\/2025\/05\/Lupa-Bay-Informes-2-e1748527272943-768x344.png 768w, https:\/\/www.inout.pro\/wp-content\/uploads\/2025\/05\/Lupa-Bay-Informes-2-e1748527272943-1536x689.png 1536w\" sizes=\"(max-width: 1855px) 100vw, 1855px\" \/>\t\t\t\t\t\t\t\t\t\t\t\t\t<\/div>\n\t\t\t\t<\/div>\n\t\t\t\t<\/div>\n\t\t<div class=\"elementor-element elementor-element-c510380 e-con-full e-flex e-con e-child\" data-id=\"c510380\" data-element_type=\"container\" data-settings=\"{&quot;_ha_eqh_enable&quot;:false}\">\n\t\t\t\t<div class=\"elementor-element elementor-element-1a8988a elementor-widget elementor-widget-heading\" data-id=\"1a8988a\" data-element_type=\"widget\" data-widget_type=\"heading.default\">\n\t\t\t\t<div class=\"elementor-widget-container\">\n\t\t\t<h2 class=\"elementor-heading-title elementor-size-default\">Informes<\/h2>\t\t<\/div>\n\t\t\t\t<\/div>\n\t\t\t\t<div class=\"elementor-element elementor-element-fb22f33 elementor-widget elementor-widget-text-editor\" data-id=\"fb22f33\" data-element_type=\"widget\" data-widget_type=\"text-editor.default\">\n\t\t\t\t<div class=\"elementor-widget-container\">\n\t\t\t\t\t\t\t<div>Dentro de las posibilidades de esta herramienta, el Gerente de Proyectos tendr\u00e1 una herramienta completa, pues adem\u00e1s Lupa-Bay genera informes basado en diferentes par\u00e1metros; contratistas, fechas, tipo de proyecto, estado de proyectos entre otros.<\/div><div>\u00a0<\/div>\t\t\t\t\t\t<\/div>\n\t\t\t\t<\/div>\n\t\t\t\t<\/div>\n\t\t\t\t\t<\/div>\n\t\t\t\t<\/div>\n\t\t<div class=\"elementor-element elementor-element-bd7dcc9 e-flex e-con-boxed e-con e-parent\" data-id=\"bd7dcc9\" data-element_type=\"container\" data-settings=\"{&quot;background_background&quot;:&quot;classic&quot;,&quot;_ha_eqh_enable&quot;:false}\">\n\t\t\t\t\t<div class=\"e-con-inner\">\n\t\t<div class=\"elementor-element elementor-element-ef1d312 e-con-full e-flex e-con e-child\" data-id=\"ef1d312\" data-element_type=\"container\" data-settings=\"{&quot;_ha_eqh_enable&quot;:false}\">\n\t\t\t\t<div class=\"elementor-element elementor-element-30aa8d4 elementor-widget elementor-widget-image\" data-id=\"30aa8d4\" data-element_type=\"widget\" data-widget_type=\"image.default\">\n\t\t\t\t<div class=\"elementor-widget-container\">\n\t\t\t\t\t\t\t\t\t\t\t\t\t<img loading=\"lazy\" decoding=\"async\" width=\"1313\" height=\"681\" src=\"https:\/\/www.inout.pro\/wp-content\/uploads\/2025\/05\/Lupa-Bay-Contratistas.png\" class=\"attachment-full size-full wp-image-764\" alt=\"\" srcset=\"https:\/\/www.inout.pro\/wp-content\/uploads\/2025\/05\/Lupa-Bay-Contratistas.png 1313w, https:\/\/www.inout.pro\/wp-content\/uploads\/2025\/05\/Lupa-Bay-Contratistas-300x156.png 300w, https:\/\/www.inout.pro\/wp-content\/uploads\/2025\/05\/Lupa-Bay-Contratistas-1024x531.png 1024w, https:\/\/www.inout.pro\/wp-content\/uploads\/2025\/05\/Lupa-Bay-Contratistas-768x398.png 768w\" sizes=\"(max-width: 1313px) 100vw, 1313px\" \/>\t\t\t\t\t\t\t\t\t\t\t\t\t<\/div>\n\t\t\t\t<\/div>\n\t\t\t\t<\/div>\n\t\t<div class=\"elementor-element elementor-element-150de48 e-con-full e-flex e-con e-child\" data-id=\"150de48\" data-element_type=\"container\" data-settings=\"{&quot;_ha_eqh_enable&quot;:false}\">\n\t\t\t\t<div class=\"elementor-element elementor-element-1b751ca elementor-widget elementor-widget-heading\" data-id=\"1b751ca\" data-element_type=\"widget\" data-widget_type=\"heading.default\">\n\t\t\t\t<div class=\"elementor-widget-container\">\n\t\t\t<h2 class=\"elementor-heading-title elementor-size-default\">Contratistas<\/h2>\t\t<\/div>\n\t\t\t\t<\/div>\n\t\t\t\t<div class=\"elementor-element elementor-element-89b8469 elementor-widget elementor-widget-text-editor\" data-id=\"89b8469\" data-element_type=\"widget\" data-widget_type=\"text-editor.default\">\n\t\t\t\t<div class=\"elementor-widget-container\">\n\t\t\t\t\t\t\t<p>Cada contratista tendr\u00e1 acceso a su perfil donde tendr\u00e1 una lista de todos sus proyectos asignados. En cada proyecto podr\u00e1 entrar y subir fotos y\/o videos para evidenciar el progreso de la obra. Una vez el contratista suba las im\u00e1genes al sistema, ser\u00e1n reflejadas en el Dashboard de Lupa-BAY.<\/p>\t\t\t\t\t\t<\/div>\n\t\t\t\t<\/div>\n\t\t\t\t<\/div>\n\t\t\t\t\t<\/div>\n\t\t\t\t<\/div>\n\t\t\t\t<\/div>\n\t\t","protected":false},"excerpt":{"rendered":"<p>\u00bfQue es Lupa-BAY? Lupa-Bay est\u00e1 dise\u00f1ado para visualizar un macro de los proyectos en desarrollo mediante un Dashboard. Por medio de la alimentaci\u00f3n de la base de datos, se podr\u00e1 ver un estado real de progreso de los proyectos que est\u00e1n asignados y en marcha. Cada encargado de proyecto tendr\u00e1 la responsabilidad de alimentar esa &#8230; <a title=\"Lupa-BAY\" class=\"read-more\" href=\"https:\/\/www.inout.pro\/index.php\/lupa-bay-info\/\" aria-label=\"Read more about Lupa-BAY\">Read more<\/a><\/p>\n","protected":false},"author":2,"featured_media":0,"parent":0,"menu_order":0,"comment_status":"closed","ping_status":"closed","template":"","meta":{"ngg_post_thumbnail":0,"footnotes":""},"class_list":["post-581","page","type-page","status-publish"],"_links":{"self":[{"href":"https:\/\/www.inout.pro\/index.php\/wp-json\/wp\/v2\/pages\/581"}],"collection":[{"href":"https:\/\/www.inout.pro\/index.php\/wp-json\/wp\/v2\/pages"}],"about":[{"href":"https:\/\/www.inout.pro\/index.php\/wp-json\/wp\/v2\/types\/page"}],"author":[{"embeddable":true,"href":"https:\/\/www.inout.pro\/index.php\/wp-json\/wp\/v2\/users\/2"}],"replies":[{"embeddable":true,"href":"https:\/\/www.inout.pro\/index.php\/wp-json\/wp\/v2\/comments?post=581"}],"version-history":[{"count":65,"href":"https:\/\/www.inout.pro\/index.php\/wp-json\/wp\/v2\/pages\/581\/revisions"}],"predecessor-version":[{"id":778,"href":"https:\/\/www.inout.pro\/index.php\/wp-json\/wp\/v2\/pages\/581\/revisions\/778"}],"wp:attachment":[{"href":"https:\/\/www.inout.pro\/index.php\/wp-json\/wp\/v2\/media?parent=581"}],"curies":[{"name":"wp","href":"https:\/\/api.w.org\/{rel}","templated":true}]}}