{"id":219,"date":"2024-10-16T19:38:28","date_gmt":"2024-10-16T19:38:28","guid":{"rendered":"http:\/\/2024.inout.pro\/?page_id=219"},"modified":"2025-07-08T13:53:25","modified_gmt":"2025-07-08T13:53:25","slug":"galeria","status":"publish","type":"page","link":"https:\/\/www.inout.pro\/index.php\/galeria\/","title":{"rendered":"Galer\u00eda"},"content":{"rendered":"\t\t<div data-elementor-type=\"wp-page\" data-elementor-id=\"219\" class=\"elementor elementor-219\">\n\t\t\t\t<div class=\"elementor-element elementor-element-ada76a6 e-con-full e-flex e-con e-parent\" data-id=\"ada76a6\" data-element_type=\"container\" data-settings=\"{&quot;background_background&quot;:&quot;classic&quot;,&quot;_ha_eqh_enable&quot;:false}\">\n\t\t\t\t<div class=\"elementor-element elementor-element-90f5f37 elementor-widget elementor-widget-image\" data-id=\"90f5f37\" data-element_type=\"widget\" data-widget_type=\"image.default\">\n\t\t\t\t<div class=\"elementor-widget-container\">\n\t\t\t\t\t\t\t\t\t\t\t\t\t<img fetchpriority=\"high\" decoding=\"async\" width=\"2085\" height=\"1124\" src=\"https:\/\/www.inout.pro\/wp-content\/uploads\/2024\/10\/galeria.png\" class=\"attachment-full size-full wp-image-221\" alt=\"Galeria\" srcset=\"https:\/\/www.inout.pro\/wp-content\/uploads\/2024\/10\/galeria.png 2085w, https:\/\/www.inout.pro\/wp-content\/uploads\/2024\/10\/galeria-300x162.png 300w, https:\/\/www.inout.pro\/wp-content\/uploads\/2024\/10\/galeria-1024x552.png 1024w, https:\/\/www.inout.pro\/wp-content\/uploads\/2024\/10\/galeria-768x414.png 768w, https:\/\/www.inout.pro\/wp-content\/uploads\/2024\/10\/galeria-1536x828.png 1536w, https:\/\/www.inout.pro\/wp-content\/uploads\/2024\/10\/galeria-2048x1104.png 2048w\" sizes=\"(max-width: 2085px) 100vw, 2085px\" \/>\t\t\t\t\t\t\t\t\t\t\t\t\t<\/div>\n\t\t\t\t<\/div>\n\t\t\t\t<\/div>\n\t\t<div class=\"elementor-element elementor-element-2bfa5d7 e-flex e-con-boxed e-con e-parent\" data-id=\"2bfa5d7\" data-element_type=\"container\" data-settings=\"{&quot;background_background&quot;:&quot;classic&quot;,&quot;_ha_eqh_enable&quot;:false}\">\n\t\t\t\t\t<div class=\"e-con-inner\">\n\t\t\t\t<div class=\"elementor-element elementor-element-75ba357 elementor-widget-mobile__width-inherit elementor-position-top elementor-widget elementor-widget-image-box\" data-id=\"75ba357\" data-element_type=\"widget\" data-widget_type=\"image-box.default\">\n\t\t\t\t<div class=\"elementor-widget-container\">\n\t\t\t<div class=\"elementor-image-box-wrapper\"><figure class=\"elementor-image-box-img\"><img decoding=\"async\" width=\"100\" height=\"101\" src=\"https:\/\/www.inout.pro\/wp-content\/uploads\/2024\/10\/galeria-icon.png\" class=\"attachment-medium size-medium wp-image-223\" alt=\"Galeria\" \/><\/figure><div class=\"elementor-image-box-content\"><h3 class=\"elementor-image-box-title\">Galer\u00eda<\/h3><\/div><\/div>\t\t<\/div>\n\t\t\t\t<\/div>\n\t\t\t\t\t<\/div>\n\t\t\t\t<\/div>\n\t\t<div class=\"elementor-element elementor-element-0179206 e-flex e-con-boxed e-con e-parent\" data-id=\"0179206\" data-element_type=\"container\" data-settings=\"{&quot;_ha_eqh_enable&quot;:false}\">\n\t\t\t\t\t<div class=\"e-con-inner\">\n\t\t\t\t<div class=\"elementor-element elementor-element-c39a05f elementor-widget elementor-widget-heading\" data-id=\"c39a05f\" data-element_type=\"widget\" data-widget_type=\"heading.default\">\n\t\t\t\t<div class=\"elementor-widget-container\">\n\t\t\t<h4 class=\"elementor-heading-title elementor-size-default\">REMODELACIONES DE MUSEOS Y \u00c1REAS RECREATIVAS<\/h4>\t\t<\/div>\n\t\t\t\t<\/div>\n\t\t\t\t\t<\/div>\n\t\t\t\t<\/div>\n\t\t<div class=\"elementor-element elementor-element-5b51c58 e-grid e-con-boxed e-con e-parent\" data-id=\"5b51c58\" data-element_type=\"container\" data-settings=\"{&quot;_ha_eqh_enable&quot;:false}\">\n\t\t\t\t\t<div class=\"e-con-inner\">\n\t\t\t\t<div class=\"elementor-element elementor-element-549bc0b elementor-position-top elementor-widget elementor-widget-image-box\" data-id=\"549bc0b\" data-element_type=\"widget\" data-widget_type=\"image-box.default\">\n\t\t\t\t<div class=\"elementor-widget-container\">\n\t\t\t<div class=\"elementor-image-box-wrapper\"><figure class=\"elementor-image-box-img\"><a href=\"https:\/\/www.inout.pro\/index.php\/galeria\/planetario\/\" tabindex=\"-1\"><img decoding=\"async\" width=\"980\" height=\"480\" src=\"https:\/\/www.inout.pro\/wp-content\/uploads\/2024\/10\/galeria-planetario.jpg\" class=\"attachment-full size-full wp-image-247\" alt=\"\" srcset=\"https:\/\/www.inout.pro\/wp-content\/uploads\/2024\/10\/galeria-planetario.jpg 980w, https:\/\/www.inout.pro\/wp-content\/uploads\/2024\/10\/galeria-planetario-300x147.jpg 300w, https:\/\/www.inout.pro\/wp-content\/uploads\/2024\/10\/galeria-planetario-768x376.jpg 768w\" sizes=\"(max-width: 980px) 100vw, 980px\" \/><\/a><\/figure><div class=\"elementor-image-box-content\"><h2 class=\"elementor-image-box-title\"><a href=\"https:\/\/www.inout.pro\/index.php\/galeria\/planetario\/\">Remodelaci\u00f3n del Planetario<\/a><\/h2><p class=\"elementor-image-box-description\">Parque de las Ciencias Luis A. Ferr\u00e9, 2009<\/p><\/div><\/div>\t\t<\/div>\n\t\t\t\t<\/div>\n\t\t\t\t<div class=\"elementor-element elementor-element-4b8dabf elementor-position-top elementor-widget elementor-widget-image-box\" data-id=\"4b8dabf\" data-element_type=\"widget\" data-widget_type=\"image-box.default\">\n\t\t\t\t<div class=\"elementor-widget-container\">\n\t\t\t<div class=\"elementor-image-box-wrapper\"><figure class=\"elementor-image-box-img\"><a href=\"https:\/\/www.inout.pro\/index.php\/galeria\/barnes\/\" tabindex=\"-1\"><img loading=\"lazy\" decoding=\"async\" width=\"980\" height=\"480\" src=\"https:\/\/www.inout.pro\/wp-content\/uploads\/2024\/10\/galeria-barnes.jpg\" class=\"attachment-full size-full wp-image-246\" alt=\"\" srcset=\"https:\/\/www.inout.pro\/wp-content\/uploads\/2024\/10\/galeria-barnes.jpg 980w, https:\/\/www.inout.pro\/wp-content\/uploads\/2024\/10\/galeria-barnes-300x147.jpg 300w, https:\/\/www.inout.pro\/wp-content\/uploads\/2024\/10\/galeria-barnes-768x376.jpg 768w\" sizes=\"(max-width: 980px) 100vw, 980px\" \/><\/a><\/figure><div class=\"elementor-image-box-content\"><h2 class=\"elementor-image-box-title\"><a href=\"https:\/\/www.inout.pro\/index.php\/galeria\/barnes\/\">Remodelaci\u00f3n de Pabell\u00f3n de Aventuras con Ventura Barn\u00e9s<\/a><\/h2><p class=\"elementor-image-box-description\">Parque de las Ciencias Luis A. Ferr\u00e9, 2011<\/p><\/div><\/div>\t\t<\/div>\n\t\t\t\t<\/div>\n\t\t\t\t\t<\/div>\n\t\t\t\t<\/div>\n\t\t<div class=\"elementor-element elementor-element-4aea554 e-grid e-con-boxed e-con e-parent\" data-id=\"4aea554\" data-element_type=\"container\" data-settings=\"{&quot;_ha_eqh_enable&quot;:false}\">\n\t\t\t\t\t<div class=\"e-con-inner\">\n\t\t\t\t<div class=\"elementor-element elementor-element-fe10ba6 elementor-position-top elementor-widget elementor-widget-image-box\" data-id=\"fe10ba6\" data-element_type=\"widget\" data-widget_type=\"image-box.default\">\n\t\t\t\t<div class=\"elementor-widget-container\">\n\t\t\t<div class=\"elementor-image-box-wrapper\"><figure class=\"elementor-image-box-img\"><a href=\"https:\/\/www.inout.pro\/index.php\/galeria\/indigena\/\" tabindex=\"-1\"><img loading=\"lazy\" decoding=\"async\" width=\"980\" height=\"480\" src=\"https:\/\/www.inout.pro\/wp-content\/uploads\/2024\/10\/galeria-indigena.jpg\" class=\"attachment-full size-full wp-image-245\" alt=\"\" srcset=\"https:\/\/www.inout.pro\/wp-content\/uploads\/2024\/10\/galeria-indigena.jpg 980w, https:\/\/www.inout.pro\/wp-content\/uploads\/2024\/10\/galeria-indigena-300x147.jpg 300w, https:\/\/www.inout.pro\/wp-content\/uploads\/2024\/10\/galeria-indigena-768x376.jpg 768w\" sizes=\"(max-width: 980px) 100vw, 980px\" \/><\/a><\/figure><div class=\"elementor-image-box-content\"><h2 class=\"elementor-image-box-title\"><a href=\"https:\/\/www.inout.pro\/index.php\/galeria\/indigena\/\">Remodelaci\u00f3n de Pabell\u00f3n Ind\u00edgena<\/a><\/h2><p class=\"elementor-image-box-description\">Parque de las Ciencias Luis A. Ferr\u00e9, 2011<\/p><\/div><\/div>\t\t<\/div>\n\t\t\t\t<\/div>\n\t\t\t\t<div class=\"elementor-element elementor-element-504771c elementor-position-top elementor-widget elementor-widget-image-box\" data-id=\"504771c\" data-element_type=\"widget\" data-widget_type=\"image-box.default\">\n\t\t\t\t<div class=\"elementor-widget-container\">\n\t\t\t<div class=\"elementor-image-box-wrapper\"><figure class=\"elementor-image-box-img\"><a href=\"https:\/\/www.inout.pro\/index.php\/galeria\/telefono\/\" tabindex=\"-1\"><img loading=\"lazy\" decoding=\"async\" width=\"980\" height=\"480\" src=\"https:\/\/www.inout.pro\/wp-content\/uploads\/2024\/10\/galeria-telefono.jpg\" class=\"attachment-full size-full wp-image-244\" alt=\"\" srcset=\"https:\/\/www.inout.pro\/wp-content\/uploads\/2024\/10\/galeria-telefono.jpg 980w, https:\/\/www.inout.pro\/wp-content\/uploads\/2024\/10\/galeria-telefono-300x147.jpg 300w, https:\/\/www.inout.pro\/wp-content\/uploads\/2024\/10\/galeria-telefono-768x376.jpg 768w\" sizes=\"(max-width: 980px) 100vw, 980px\" \/><\/a><\/figure><div class=\"elementor-image-box-content\"><h2 class=\"elementor-image-box-title\"><a href=\"https:\/\/www.inout.pro\/index.php\/galeria\/telefono\/\">Remodelaci\u00f3n de Pabell\u00f3n de Comunicaciones<\/a><\/h2><p class=\"elementor-image-box-description\">Parque de las Ciencias Luis A. Ferr\u00e9, 2012<\/p><\/div><\/div>\t\t<\/div>\n\t\t\t\t<\/div>\n\t\t\t\t\t<\/div>\n\t\t\t\t<\/div>\n\t\t<div class=\"elementor-element elementor-element-e16d01e e-grid e-con-boxed e-con e-parent\" data-id=\"e16d01e\" data-element_type=\"container\" data-settings=\"{&quot;_ha_eqh_enable&quot;:false}\">\n\t\t\t\t\t<div class=\"e-con-inner\">\n\t\t\t\t<div class=\"elementor-element elementor-element-640491d elementor-position-top elementor-widget elementor-widget-image-box\" data-id=\"640491d\" data-element_type=\"widget\" data-widget_type=\"image-box.default\">\n\t\t\t\t<div class=\"elementor-widget-container\">\n\t\t\t<div class=\"elementor-image-box-wrapper\"><figure class=\"elementor-image-box-img\"><a href=\"https:\/\/www.inout.pro\/index.php\/galeria\/marino\/\" tabindex=\"-1\"><img loading=\"lazy\" decoding=\"async\" width=\"980\" height=\"480\" src=\"https:\/\/www.inout.pro\/wp-content\/uploads\/2024\/10\/galeria-marino.jpg\" class=\"attachment-full size-full wp-image-243\" alt=\"\" srcset=\"https:\/\/www.inout.pro\/wp-content\/uploads\/2024\/10\/galeria-marino.jpg 980w, https:\/\/www.inout.pro\/wp-content\/uploads\/2024\/10\/galeria-marino-300x147.jpg 300w, https:\/\/www.inout.pro\/wp-content\/uploads\/2024\/10\/galeria-marino-768x376.jpg 768w\" sizes=\"(max-width: 980px) 100vw, 980px\" \/><\/a><\/figure><div class=\"elementor-image-box-content\"><h2 class=\"elementor-image-box-title\"><a href=\"https:\/\/www.inout.pro\/index.php\/galeria\/marino\/\">Remodelaci\u00f3n de Ecosistemas Marino<\/a><\/h2><p class=\"elementor-image-box-description\">Parque de las Ciencias Luis A. Ferr\u00e9, 2012<\/p><\/div><\/div>\t\t<\/div>\n\t\t\t\t<\/div>\n\t\t\t\t<div class=\"elementor-element elementor-element-a9d1905 elementor-position-top elementor-widget elementor-widget-image-box\" data-id=\"a9d1905\" data-element_type=\"widget\" data-widget_type=\"image-box.default\">\n\t\t\t\t<div class=\"elementor-widget-container\">\n\t\t\t<div class=\"elementor-image-box-wrapper\"><figure class=\"elementor-image-box-img\"><a href=\"https:\/\/www.inout.pro\/index.php\/galeria\/golfito\/\" tabindex=\"-1\"><img loading=\"lazy\" decoding=\"async\" width=\"980\" height=\"480\" src=\"https:\/\/www.inout.pro\/wp-content\/uploads\/2024\/10\/galeria_golfito.jpg\" class=\"attachment-full size-full wp-image-242\" alt=\"\" srcset=\"https:\/\/www.inout.pro\/wp-content\/uploads\/2024\/10\/galeria_golfito.jpg 980w, https:\/\/www.inout.pro\/wp-content\/uploads\/2024\/10\/galeria_golfito-300x147.jpg 300w, https:\/\/www.inout.pro\/wp-content\/uploads\/2024\/10\/galeria_golfito-768x376.jpg 768w\" sizes=\"(max-width: 980px) 100vw, 980px\" \/><\/a><\/figure><div class=\"elementor-image-box-content\"><h2 class=\"elementor-image-box-title\"><a href=\"https:\/\/www.inout.pro\/index.php\/galeria\/golfito\/\">Creaci\u00f3n de golfito vaquero<\/a><\/h2><p class=\"elementor-image-box-description\">Parque de las Ciencias Luis A. Ferr\u00e9, 2011<\/p><\/div><\/div>\t\t<\/div>\n\t\t\t\t<\/div>\n\t\t\t\t\t<\/div>\n\t\t\t\t<\/div>\n\t\t<div class=\"elementor-element elementor-element-f2f3c04 e-grid e-con-boxed e-con e-parent\" data-id=\"f2f3c04\" data-element_type=\"container\" data-settings=\"{&quot;_ha_eqh_enable&quot;:false}\">\n\t\t\t\t\t<div class=\"e-con-inner\">\n\t\t\t\t<div class=\"elementor-element elementor-element-75043bc elementor-position-top elementor-widget elementor-widget-image-box\" data-id=\"75043bc\" data-element_type=\"widget\" data-widget_type=\"image-box.default\">\n\t\t\t\t<div class=\"elementor-widget-container\">\n\t\t\t<div class=\"elementor-image-box-wrapper\"><figure class=\"elementor-image-box-img\"><a href=\"http:\/\/wwww.inout.pro\/index.php\/galeria\/arcade\/\" tabindex=\"-1\"><img loading=\"lazy\" decoding=\"async\" width=\"980\" height=\"480\" src=\"https:\/\/www.inout.pro\/wp-content\/uploads\/2024\/10\/galeria-arcade.jpg\" class=\"attachment-full size-full wp-image-241\" alt=\"\" srcset=\"https:\/\/www.inout.pro\/wp-content\/uploads\/2024\/10\/galeria-arcade.jpg 980w, https:\/\/www.inout.pro\/wp-content\/uploads\/2024\/10\/galeria-arcade-300x147.jpg 300w, https:\/\/www.inout.pro\/wp-content\/uploads\/2024\/10\/galeria-arcade-768x376.jpg 768w\" sizes=\"(max-width: 980px) 100vw, 980px\" \/><\/a><\/figure><div class=\"elementor-image-box-content\"><h2 class=\"elementor-image-box-title\"><a href=\"http:\/\/wwww.inout.pro\/index.php\/galeria\/arcade\/\">Creaci\u00f3n de Arcade XD<\/a><\/h2><p class=\"elementor-image-box-description\">Parque de las Ciencias Luis A. Ferr\u00e9, 2012<\/p><\/div><\/div>\t\t<\/div>\n\t\t\t\t<\/div>\n\t\t\t\t<div class=\"elementor-element elementor-element-9a7a8c3 elementor-position-top elementor-widget elementor-widget-image-box\" data-id=\"9a7a8c3\" data-element_type=\"widget\" data-widget_type=\"image-box.default\">\n\t\t\t\t<div class=\"elementor-widget-container\">\n\t\t\t<div class=\"elementor-image-box-wrapper\"><figure class=\"elementor-image-box-img\"><a href=\"http:\/\/2024.inout.pro\/index.php\/galeria\/aeroespacial\/\" tabindex=\"-1\"><img loading=\"lazy\" decoding=\"async\" width=\"980\" height=\"480\" src=\"https:\/\/www.inout.pro\/wp-content\/uploads\/2024\/10\/galeria-aeroespacial.jpg\" class=\"attachment-full size-full wp-image-240\" alt=\"\" srcset=\"https:\/\/www.inout.pro\/wp-content\/uploads\/2024\/10\/galeria-aeroespacial.jpg 980w, https:\/\/www.inout.pro\/wp-content\/uploads\/2024\/10\/galeria-aeroespacial-300x147.jpg 300w, https:\/\/www.inout.pro\/wp-content\/uploads\/2024\/10\/galeria-aeroespacial-768x376.jpg 768w\" sizes=\"(max-width: 980px) 100vw, 980px\" \/><\/a><\/figure><div class=\"elementor-image-box-content\"><h2 class=\"elementor-image-box-title\"><a href=\"http:\/\/2024.inout.pro\/index.php\/galeria\/aeroespacial\/\">Remodelaci\u00f3n de Pabell\u00f3n Aeroespacial<\/a><\/h2><p class=\"elementor-image-box-description\">Parque de las Ciencias Luis A. Ferr\u00e9, 2015<\/p><\/div><\/div>\t\t<\/div>\n\t\t\t\t<\/div>\n\t\t\t\t\t<\/div>\n\t\t\t\t<\/div>\n\t\t<div class=\"elementor-element elementor-element-37657c5 e-grid e-con-boxed e-con e-parent\" data-id=\"37657c5\" data-element_type=\"container\" data-settings=\"{&quot;_ha_eqh_enable&quot;:false}\">\n\t\t\t\t\t<div class=\"e-con-inner\">\n\t\t\t\t<div class=\"elementor-element elementor-element-542b520 elementor-position-top elementor-widget elementor-widget-image-box\" data-id=\"542b520\" data-element_type=\"widget\" data-widget_type=\"image-box.default\">\n\t\t\t\t<div class=\"elementor-widget-container\">\n\t\t\t<div class=\"elementor-image-box-wrapper\"><figure class=\"elementor-image-box-img\"><a href=\"https:\/\/www.inout.pro\/index.php\/galeria\/concreto\/\" tabindex=\"-1\"><img loading=\"lazy\" decoding=\"async\" width=\"980\" height=\"480\" src=\"https:\/\/www.inout.pro\/wp-content\/uploads\/2024\/10\/galeria-zoologico.jpg\" class=\"attachment-full size-full wp-image-239\" alt=\"\" srcset=\"https:\/\/www.inout.pro\/wp-content\/uploads\/2024\/10\/galeria-zoologico.jpg 980w, https:\/\/www.inout.pro\/wp-content\/uploads\/2024\/10\/galeria-zoologico-300x147.jpg 300w, https:\/\/www.inout.pro\/wp-content\/uploads\/2024\/10\/galeria-zoologico-768x376.jpg 768w\" sizes=\"(max-width: 980px) 100vw, 980px\" \/><\/a><\/figure><div class=\"elementor-image-box-content\"><h2 class=\"elementor-image-box-title\"><a href=\"https:\/\/www.inout.pro\/index.php\/galeria\/concreto\/\">Trabajos en Concreto Decorativo<\/a><\/h2><p class=\"elementor-image-box-description\">Parque de las Ciencias Luis A. Ferr\u00e9, 2012<\/p><\/div><\/div>\t\t<\/div>\n\t\t\t\t<\/div>\n\t\t\t\t\t<\/div>\n\t\t\t\t<\/div>\n\t\t\t\t<\/div>\n\t\t","protected":false},"excerpt":{"rendered":"<p>Galer\u00eda REMODELACIONES DE MUSEOS Y \u00c1REAS RECREATIVAS Remodelaci\u00f3n del Planetario Parque de las Ciencias Luis A. Ferr\u00e9, 2009 Remodelaci\u00f3n de Pabell\u00f3n de Aventuras con Ventura Barn\u00e9s Parque de las Ciencias Luis A. Ferr\u00e9, 2011 Remodelaci\u00f3n de Pabell\u00f3n Ind\u00edgena Parque de las Ciencias Luis A. Ferr\u00e9, 2011 Remodelaci\u00f3n de Pabell\u00f3n de Comunicaciones Parque de las Ciencias &#8230; <a title=\"Galer\u00eda\" class=\"read-more\" href=\"https:\/\/www.inout.pro\/index.php\/galeria\/\" aria-label=\"Read more about Galer\u00eda\">Read more<\/a><\/p>\n","protected":false},"author":1,"featured_media":0,"parent":0,"menu_order":0,"comment_status":"closed","ping_status":"closed","template":"","meta":{"ngg_post_thumbnail":0,"footnotes":""},"class_list":["post-219","page","type-page","status-publish"],"_links":{"self":[{"href":"https:\/\/www.inout.pro\/index.php\/wp-json\/wp\/v2\/pages\/219"}],"collection":[{"href":"https:\/\/www.inout.pro\/index.php\/wp-json\/wp\/v2\/pages"}],"about":[{"href":"https:\/\/www.inout.pro\/index.php\/wp-json\/wp\/v2\/types\/page"}],"author":[{"embeddable":true,"href":"https:\/\/www.inout.pro\/index.php\/wp-json\/wp\/v2\/users\/1"}],"replies":[{"embeddable":true,"href":"https:\/\/www.inout.pro\/index.php\/wp-json\/wp\/v2\/comments?post=219"}],"version-history":[{"count":70,"href":"https:\/\/www.inout.pro\/index.php\/wp-json\/wp\/v2\/pages\/219\/revisions"}],"predecessor-version":[{"id":881,"href":"https:\/\/www.inout.pro\/index.php\/wp-json\/wp\/v2\/pages\/219\/revisions\/881"}],"wp:attachment":[{"href":"https:\/\/www.inout.pro\/index.php\/wp-json\/wp\/v2\/media?parent=219"}],"curies":[{"name":"wp","href":"https:\/\/api.w.org\/{rel}","templated":true}]}}