{"id":187,"date":"2024-10-15T20:07:11","date_gmt":"2024-10-15T20:07:11","guid":{"rendered":"http:\/\/2024.inout.pro\/?page_id=187"},"modified":"2025-05-20T12:41:49","modified_gmt":"2025-05-20T12:41:49","slug":"quienes-somos","status":"publish","type":"page","link":"https:\/\/www.inout.pro\/index.php\/quienes-somos\/","title":{"rendered":"\u00bfQui\u00e9nes Somos?"},"content":{"rendered":"\t\t<div data-elementor-type=\"wp-page\" data-elementor-id=\"187\" class=\"elementor elementor-187\">\n\t\t\t\t<div class=\"elementor-element elementor-element-3342891 e-con-full e-flex e-con e-parent\" data-id=\"3342891\" data-element_type=\"container\" data-settings=\"{&quot;_ha_eqh_enable&quot;:false}\">\n\t\t\t\t<div class=\"elementor-element elementor-element-1f12e4a elementor-widget__width-inherit elementor-widget elementor-widget-image\" data-id=\"1f12e4a\" data-element_type=\"widget\" data-widget_type=\"image.default\">\n\t\t\t\t<div class=\"elementor-widget-container\">\n\t\t\t\t\t\t\t\t\t\t\t\t\t<img fetchpriority=\"high\" decoding=\"async\" width=\"1024\" height=\"430\" src=\"https:\/\/www.inout.pro\/wp-content\/uploads\/2024\/10\/robot-1024x430.png\" class=\"attachment-large size-large wp-image-215\" alt=\"\" srcset=\"https:\/\/www.inout.pro\/wp-content\/uploads\/2024\/10\/robot-1024x430.png 1024w, https:\/\/www.inout.pro\/wp-content\/uploads\/2024\/10\/robot-300x126.png 300w, https:\/\/www.inout.pro\/wp-content\/uploads\/2024\/10\/robot-768x323.png 768w, https:\/\/www.inout.pro\/wp-content\/uploads\/2024\/10\/robot-1536x646.png 1536w, https:\/\/www.inout.pro\/wp-content\/uploads\/2024\/10\/robot-2048x861.png 2048w\" sizes=\"(max-width: 1024px) 100vw, 1024px\" \/>\t\t\t\t\t\t\t\t\t\t\t\t\t<\/div>\n\t\t\t\t<\/div>\n\t\t\t\t<\/div>\n\t\t<div class=\"elementor-element elementor-element-23f94cb e-flex e-con-boxed e-con e-parent\" data-id=\"23f94cb\" data-element_type=\"container\" data-settings=\"{&quot;_ha_eqh_enable&quot;:false}\">\n\t\t\t\t\t<div class=\"e-con-inner\">\n\t\t<div class=\"elementor-element elementor-element-a92dcd3 e-con-full e-flex e-con e-child\" data-id=\"a92dcd3\" data-element_type=\"container\" data-settings=\"{&quot;_ha_eqh_enable&quot;:false}\">\n\t\t\t\t<div class=\"elementor-element elementor-element-9a62260 elementor-widget elementor-widget-image\" data-id=\"9a62260\" data-element_type=\"widget\" data-widget_type=\"image.default\">\n\t\t\t\t<div class=\"elementor-widget-container\">\n\t\t\t\t\t\t\t\t\t\t\t\t\t<img decoding=\"async\" width=\"128\" height=\"128\" src=\"https:\/\/www.inout.pro\/wp-content\/uploads\/2024\/10\/mision.png\" class=\"attachment-full size-full wp-image-198\" alt=\"\" \/>\t\t\t\t\t\t\t\t\t\t\t\t\t<\/div>\n\t\t\t\t<\/div>\n\t\t\t\t<div class=\"elementor-element elementor-element-6fa1aef elementor-widget elementor-widget-image-box\" data-id=\"6fa1aef\" data-element_type=\"widget\" data-widget_type=\"image-box.default\">\n\t\t\t\t<div class=\"elementor-widget-container\">\n\t\t\t<div class=\"elementor-image-box-wrapper\"><div class=\"elementor-image-box-content\"><h3 class=\"elementor-image-box-title\">Misi\u00f3n<\/h3><p class=\"elementor-image-box-description\">Contribuir al crecimiento tecnol\u00f3gico de nuestros clientes mediante la implementaci\u00f3n de soluciones reales que resulten en beneficios directos para su negocio, enmarcando nuestro compromiso con calidad total. La satisfacci\u00f3n del cliente es nuestra meta principal.<\/p><\/div><\/div>\t\t<\/div>\n\t\t\t\t<\/div>\n\t\t<div class=\"elementor-element elementor-element-64cc18a e-con-full e-flex e-con e-child\" data-id=\"64cc18a\" data-element_type=\"container\" data-settings=\"{&quot;_ha_eqh_enable&quot;:false}\">\n\t\t\t\t<div class=\"elementor-element elementor-element-60d1617 elementor-view-default elementor-widget elementor-widget-icon\" data-id=\"60d1617\" data-element_type=\"widget\" data-widget_type=\"icon.default\">\n\t\t\t\t<div class=\"elementor-widget-container\">\n\t\t\t\t\t<div class=\"elementor-icon-wrapper\">\n\t\t\t<div class=\"elementor-icon\">\n\t\t\t<svg aria-hidden=\"true\" class=\"e-font-icon-svg e-fas-brain\" viewBox=\"0 0 576 512\" xmlns=\"http:\/\/www.w3.org\/2000\/svg\"><path d=\"M208 0c-29.9 0-54.7 20.5-61.8 48.2-.8 0-1.4-.2-2.2-.2-35.3 0-64 28.7-64 64 0 4.8.6 9.5 1.7 14C52.5 138 32 166.6 32 200c0 12.6 3.2 24.3 8.3 34.9C16.3 248.7 0 274.3 0 304c0 33.3 20.4 61.9 49.4 73.9-.9 4.6-1.4 9.3-1.4 14.1 0 39.8 32.2 72 72 72 4.1 0 8.1-.5 12-1.2 9.6 28.5 36.2 49.2 68 49.2 39.8 0 72-32.2 72-72V64c0-35.3-28.7-64-64-64zm368 304c0-29.7-16.3-55.3-40.3-69.1 5.2-10.6 8.3-22.3 8.3-34.9 0-33.4-20.5-62-49.7-74 1-4.5 1.7-9.2 1.7-14 0-35.3-28.7-64-64-64-.8 0-1.5.2-2.2.2C422.7 20.5 397.9 0 368 0c-35.3 0-64 28.6-64 64v376c0 39.8 32.2 72 72 72 31.8 0 58.4-20.7 68-49.2 3.9.7 7.9 1.2 12 1.2 39.8 0 72-32.2 72-72 0-4.8-.5-9.5-1.4-14.1 29-12 49.4-40.6 49.4-73.9z\"><\/path><\/svg>\t\t\t<\/div>\n\t\t<\/div>\n\t\t\t\t<\/div>\n\t\t\t\t<\/div>\n\t\t\t\t<div class=\"elementor-element elementor-element-17c7d2b elementor-widget elementor-widget-heading\" data-id=\"17c7d2b\" data-element_type=\"widget\" data-widget_type=\"heading.default\">\n\t\t\t\t<div class=\"elementor-widget-container\">\n\t\t\t<h2 class=\"elementor-heading-title elementor-size-default\">Filosof\u00eda<\/h2>\t\t<\/div>\n\t\t\t\t<\/div>\n\t\t\t\t<div class=\"elementor-element elementor-element-de2c008 elementor-widget elementor-widget-text-editor\" data-id=\"de2c008\" data-element_type=\"widget\" data-widget_type=\"text-editor.default\">\n\t\t\t\t<div class=\"elementor-widget-container\">\n\t\t\t\t\t\t\t<p>InOut Corp. es una empresa de consultor\u00eda que basa su filosof\u00eda de trabajo en el compromiso con la calidad total. Es por ello que invertimos constantemente en el desarrollo de nuestro personal mediante seminarios, educaci\u00f3n continua, laboratorios de trabajo y nuestra biblioteca de referencia.<\/p>\t\t\t\t\t\t<\/div>\n\t\t\t\t<\/div>\n\t\t\t\t<\/div>\n\t\t\t\t<\/div>\n\t\t<div class=\"elementor-element elementor-element-8c827fc e-con-full e-flex e-con e-child\" data-id=\"8c827fc\" data-element_type=\"container\" data-settings=\"{&quot;_ha_eqh_enable&quot;:false}\">\n\t\t\t\t<div class=\"elementor-element elementor-element-c8ed6a3 elementor-widget elementor-widget-image\" data-id=\"c8ed6a3\" data-element_type=\"widget\" data-widget_type=\"image.default\">\n\t\t\t\t<div class=\"elementor-widget-container\">\n\t\t\t\t\t\t\t\t\t\t\t\t\t<img decoding=\"async\" width=\"150\" height=\"108\" src=\"https:\/\/www.inout.pro\/wp-content\/uploads\/2024\/10\/vision.png\" class=\"attachment-full size-full wp-image-200\" alt=\"\" \/>\t\t\t\t\t\t\t\t\t\t\t\t\t<\/div>\n\t\t\t\t<\/div>\n\t\t\t\t<div class=\"elementor-element elementor-element-3c621fd elementor-widget elementor-widget-image-box\" data-id=\"3c621fd\" data-element_type=\"widget\" data-widget_type=\"image-box.default\">\n\t\t\t\t<div class=\"elementor-widget-container\">\n\t\t\t<div class=\"elementor-image-box-wrapper\"><div class=\"elementor-image-box-content\"><h3 class=\"elementor-image-box-title\">Visi\u00f3n<\/h3><p class=\"elementor-image-box-description\">Contribuir al crecimiento tecnol\u00f3gico de nuestros clientes mediante la implementaci\u00f3n de soluciones reales que resulten en beneficios directos para su negocio, enmarcando nuestro compromiso con calidad total. La satisfacci\u00f3n del cliente es nuestra meta principal.<\/p><\/div><\/div>\t\t<\/div>\n\t\t\t\t<\/div>\n\t\t<div class=\"elementor-element elementor-element-94a97b0 e-con-full e-flex e-con e-child\" data-id=\"94a97b0\" data-element_type=\"container\" data-settings=\"{&quot;_ha_eqh_enable&quot;:false}\">\n\t\t\t\t<div class=\"elementor-element elementor-element-d6b0615 elementor-view-default elementor-widget elementor-widget-icon\" data-id=\"d6b0615\" data-element_type=\"widget\" data-widget_type=\"icon.default\">\n\t\t\t\t<div class=\"elementor-widget-container\">\n\t\t\t\t\t<div class=\"elementor-icon-wrapper\">\n\t\t\t<div class=\"elementor-icon\">\n\t\t\t<svg aria-hidden=\"true\" class=\"e-font-icon-svg e-fas-laptop\" viewBox=\"0 0 640 512\" xmlns=\"http:\/\/www.w3.org\/2000\/svg\"><path d=\"M624 416H381.54c-.74 19.81-14.71 32-32.74 32H288c-18.69 0-33.02-17.47-32.77-32H16c-8.8 0-16 7.2-16 16v16c0 35.2 28.8 64 64 64h512c35.2 0 64-28.8 64-64v-16c0-8.8-7.2-16-16-16zM576 48c0-26.4-21.6-48-48-48H112C85.6 0 64 21.6 64 48v336h512V48zm-64 272H128V64h384v256z\"><\/path><\/svg>\t\t\t<\/div>\n\t\t<\/div>\n\t\t\t\t<\/div>\n\t\t\t\t<\/div>\n\t\t\t\t<div class=\"elementor-element elementor-element-f3c6538 elementor-widget elementor-widget-heading\" data-id=\"f3c6538\" data-element_type=\"widget\" data-widget_type=\"heading.default\">\n\t\t\t\t<div class=\"elementor-widget-container\">\n\t\t\t<h2 class=\"elementor-heading-title elementor-size-default\">Servicios<\/h2>\t\t<\/div>\n\t\t\t\t<\/div>\n\t\t\t\t<div class=\"elementor-element elementor-element-b97b09d elementor-widget elementor-widget-text-editor\" data-id=\"b97b09d\" data-element_type=\"widget\" data-widget_type=\"text-editor.default\">\n\t\t\t\t<div class=\"elementor-widget-container\">\n\t\t\t\t\t\t\t<p>InOut Corp. ofrece servicios que complementan las destrezas del cliente, cubriendo los problemas esenciales en consultor\u00eda gerencial de Sistemas de Informaci\u00f3n, desarrollo de aplicaciones, bases de datos, redes, dise\u00f1o de p\u00e1ginas y aplicaciones para Internet\/Intranet, telecomunicaciones y desarrollo de todo tipo de documentaci\u00f3n y planes de contingencia.<\/p>\t\t\t\t\t\t<\/div>\n\t\t\t\t<\/div>\n\t\t\t\t<\/div>\n\t\t\t\t<\/div>\n\t\t<div class=\"elementor-element elementor-element-341f137 e-con-full e-flex e-con e-child\" data-id=\"341f137\" data-element_type=\"container\" data-settings=\"{&quot;_ha_eqh_enable&quot;:false}\">\n\t\t<div class=\"elementor-element elementor-element-f13f565 e-con-full e-flex e-con e-child\" data-id=\"f13f565\" data-element_type=\"container\" data-settings=\"{&quot;_ha_eqh_enable&quot;:false}\">\n\t\t\t\t<div class=\"elementor-element elementor-element-36343e0 elementor-widget elementor-widget-image\" data-id=\"36343e0\" data-element_type=\"widget\" data-widget_type=\"image.default\">\n\t\t\t\t<div class=\"elementor-widget-container\">\n\t\t\t\t\t\t\t\t\t\t\t\t\t<img loading=\"lazy\" decoding=\"async\" width=\"128\" height=\"109\" src=\"https:\/\/www.inout.pro\/wp-content\/uploads\/2024\/10\/valores.png\" class=\"attachment-full size-full wp-image-199\" alt=\"\" \/>\t\t\t\t\t\t\t\t\t\t\t\t\t<\/div>\n\t\t\t\t<\/div>\n\t\t\t\t<\/div>\n\t\t<div class=\"elementor-element elementor-element-e96740e e-con-full e-flex e-con e-child\" data-id=\"e96740e\" data-element_type=\"container\" data-settings=\"{&quot;_ha_eqh_enable&quot;:false}\">\n\t\t\t\t<div class=\"elementor-element elementor-element-ba3b1e9 elementor-widget__width-inherit elementor-widget elementor-widget-heading\" data-id=\"ba3b1e9\" data-element_type=\"widget\" data-widget_type=\"heading.default\">\n\t\t\t\t<div class=\"elementor-widget-container\">\n\t\t\t<h2 class=\"elementor-heading-title elementor-size-default\">VALORES<\/h2>\t\t<\/div>\n\t\t\t\t<\/div>\n\t\t\t\t<div class=\"elementor-element elementor-element-1a1bf81 elementor-widget elementor-widget-spacer\" data-id=\"1a1bf81\" data-element_type=\"widget\" data-widget_type=\"spacer.default\">\n\t\t\t\t<div class=\"elementor-widget-container\">\n\t\t\t\t\t<div class=\"elementor-spacer\">\n\t\t\t<div class=\"elementor-spacer-inner\"><\/div>\n\t\t<\/div>\n\t\t\t\t<\/div>\n\t\t\t\t<\/div>\n\t\t\t\t<div class=\"elementor-element elementor-element-2721173 elementor-widget elementor-widget-heading\" data-id=\"2721173\" data-element_type=\"widget\" data-widget_type=\"heading.default\">\n\t\t\t\t<div class=\"elementor-widget-container\">\n\t\t\t<h2 class=\"elementor-heading-title elementor-size-default\"><span style=\"font-family: Montserrat, sans-serif;font-size: 17px;text-align: center\">INSTITUCIONALES<\/span><\/h2>\t\t<\/div>\n\t\t\t\t<\/div>\n\t\t\t\t<div class=\"elementor-element elementor-element-4806e68 elementor-widget-divider--view-line elementor-widget elementor-widget-divider\" data-id=\"4806e68\" data-element_type=\"widget\" data-widget_type=\"divider.default\">\n\t\t\t\t<div class=\"elementor-widget-container\">\n\t\t\t\t\t<div class=\"elementor-divider\">\n\t\t\t<span class=\"elementor-divider-separator\">\n\t\t\t\t\t\t<\/span>\n\t\t<\/div>\n\t\t\t\t<\/div>\n\t\t\t\t<\/div>\n\t\t\t\t<div class=\"elementor-element elementor-element-cd05b85 elementor-widget elementor-widget-text-editor\" data-id=\"cd05b85\" data-element_type=\"widget\" data-widget_type=\"text-editor.default\">\n\t\t\t\t<div class=\"elementor-widget-container\">\n\t\t\t\t\t\t\t<p>Establecemos la experiencia en el Servivio y la Administraci\u00f3n.<\/p>\t\t\t\t\t\t<\/div>\n\t\t\t\t<\/div>\n\t\t\t\t<div class=\"elementor-element elementor-element-06a3cc6 elementor-widget elementor-widget-heading\" data-id=\"06a3cc6\" data-element_type=\"widget\" data-widget_type=\"heading.default\">\n\t\t\t\t<div class=\"elementor-widget-container\">\n\t\t\t<h2 class=\"elementor-heading-title elementor-size-default\"><font color=\"#000000\"><span style=\"font-size: 17px\">DESEMPE\u00d1O<\/span><\/font><\/h2>\t\t<\/div>\n\t\t\t\t<\/div>\n\t\t\t\t<div class=\"elementor-element elementor-element-a59fa25 elementor-widget-divider--view-line elementor-widget elementor-widget-divider\" data-id=\"a59fa25\" data-element_type=\"widget\" data-widget_type=\"divider.default\">\n\t\t\t\t<div class=\"elementor-widget-container\">\n\t\t\t\t\t<div class=\"elementor-divider\">\n\t\t\t<span class=\"elementor-divider-separator\">\n\t\t\t\t\t\t<\/span>\n\t\t<\/div>\n\t\t\t\t<\/div>\n\t\t\t\t<\/div>\n\t\t<div class=\"elementor-element elementor-element-13f7454 e-con-full e-flex e-con e-child\" data-id=\"13f7454\" data-element_type=\"container\" data-settings=\"{&quot;_ha_eqh_enable&quot;:false}\">\n\t\t\t\t<div class=\"elementor-element elementor-element-87b1139 elementor-widget elementor-widget-text-editor\" data-id=\"87b1139\" data-element_type=\"widget\" data-widget_type=\"text-editor.default\">\n\t\t\t\t<div class=\"elementor-widget-container\">\n\t\t\t\t\t\t\t<p>Utilizamos los recursos eficientemente, haciendo solo lo que a\u00f1ade valor. Proveemos relaciones de beneficio mutuo con nuestros clientes y empleados. Descentralizamos la toma de decisiones al nivel m\u00e1s pr\u00e1ctico.<\/p>\t\t\t\t\t\t<\/div>\n\t\t\t\t<\/div>\n\t\t\t\t<\/div>\n\t\t\t\t<\/div>\n\t\t<div class=\"elementor-element elementor-element-0e8648f e-con-full e-flex e-con e-child\" data-id=\"0e8648f\" data-element_type=\"container\" data-settings=\"{&quot;_ha_eqh_enable&quot;:false}\">\n\t\t\t\t<div class=\"elementor-element elementor-element-a07b522 elementor-widget elementor-widget-heading\" data-id=\"a07b522\" data-element_type=\"widget\" data-widget_type=\"heading.default\">\n\t\t\t\t<div class=\"elementor-widget-container\">\n\t\t\t<h2 class=\"elementor-heading-title elementor-size-default\">PERSONALES<\/h2>\t\t<\/div>\n\t\t\t\t<\/div>\n\t\t\t\t<div class=\"elementor-element elementor-element-600e05a elementor-widget-divider--view-line elementor-widget elementor-widget-divider\" data-id=\"600e05a\" data-element_type=\"widget\" data-widget_type=\"divider.default\">\n\t\t\t\t<div class=\"elementor-widget-container\">\n\t\t\t\t\t<div class=\"elementor-divider\">\n\t\t\t<span class=\"elementor-divider-separator\">\n\t\t\t\t\t\t<\/span>\n\t\t<\/div>\n\t\t\t\t<\/div>\n\t\t\t\t<\/div>\n\t\t\t\t<div class=\"elementor-element elementor-element-c31eb13 elementor-widget elementor-widget-text-editor\" data-id=\"c31eb13\" data-element_type=\"widget\" data-widget_type=\"text-editor.default\">\n\t\t\t\t<div class=\"elementor-widget-container\">\n\t\t\t\t\t\t\t<p>Trabajamos con orgullo y entusiasmo. Ayudamos al desarrollo de nuestro compa\u00f1eros. Somos integros y responsables. Aceptamos y valoramos diferencias de ideas y creencias. Valoramos el trato justo.<\/p>\t\t\t\t\t\t<\/div>\n\t\t\t\t<\/div>\n\t\t\t\t<div class=\"elementor-element elementor-element-85510e8 elementor-widget elementor-widget-heading\" data-id=\"85510e8\" data-element_type=\"widget\" data-widget_type=\"heading.default\">\n\t\t\t\t<div class=\"elementor-widget-container\">\n\t\t\t<h2 class=\"elementor-heading-title elementor-size-default\">Clientes<\/h2>\t\t<\/div>\n\t\t\t\t<\/div>\n\t\t\t\t<div class=\"elementor-element elementor-element-07c27b1 elementor-widget-divider--view-line elementor-widget elementor-widget-divider\" data-id=\"07c27b1\" data-element_type=\"widget\" data-widget_type=\"divider.default\">\n\t\t\t\t<div class=\"elementor-widget-container\">\n\t\t\t\t\t<div class=\"elementor-divider\">\n\t\t\t<span class=\"elementor-divider-separator\">\n\t\t\t\t\t\t<\/span>\n\t\t<\/div>\n\t\t\t\t<\/div>\n\t\t\t\t<\/div>\n\t\t\t\t<div class=\"elementor-element elementor-element-e2f499a elementor-widget elementor-widget-text-editor\" data-id=\"e2f499a\" data-element_type=\"widget\" data-widget_type=\"text-editor.default\">\n\t\t\t\t<div class=\"elementor-widget-container\">\n\t\t\t\t\t\t\t<p>El \u00e9xito de nuestros clientes es nuestro \u00e9xito.<\/p>\t\t\t\t\t\t<\/div>\n\t\t\t\t<\/div>\n\t\t\t\t<\/div>\n\t\t\t\t<\/div>\n\t\t\t\t\t<\/div>\n\t\t\t\t<\/div>\n\t\t<div class=\"elementor-element elementor-element-d402be0 e-flex e-con-boxed e-con e-parent\" data-id=\"d402be0\" data-element_type=\"container\" data-settings=\"{&quot;background_background&quot;:&quot;classic&quot;,&quot;_ha_eqh_enable&quot;:false}\">\n\t\t\t\t\t<div class=\"e-con-inner\">\n\t\t<div class=\"elementor-element elementor-element-74652bc e-con-full e-flex e-con e-child\" data-id=\"74652bc\" data-element_type=\"container\" data-settings=\"{&quot;_ha_eqh_enable&quot;:false}\">\n\t\t\t\t<div class=\"elementor-element elementor-element-69897a7 elementor-widget-mobile__width-initial elementor-widget elementor-widget-image\" data-id=\"69897a7\" data-element_type=\"widget\" data-widget_type=\"image.default\">\n\t\t\t\t<div class=\"elementor-widget-container\">\n\t\t\t\t\t\t\t\t\t\t\t\t\t<img loading=\"lazy\" decoding=\"async\" width=\"317\" height=\"317\" src=\"https:\/\/www.inout.pro\/wp-content\/uploads\/2024\/10\/Building.png\" class=\"attachment-full size-full wp-image-190\" alt=\"\" srcset=\"https:\/\/www.inout.pro\/wp-content\/uploads\/2024\/10\/Building.png 317w, https:\/\/www.inout.pro\/wp-content\/uploads\/2024\/10\/Building-300x300.png 300w, https:\/\/www.inout.pro\/wp-content\/uploads\/2024\/10\/Building-150x150.png 150w\" sizes=\"(max-width: 317px) 100vw, 317px\" \/>\t\t\t\t\t\t\t\t\t\t\t\t\t<\/div>\n\t\t\t\t<\/div>\n\t\t\t\t<\/div>\n\t\t<div class=\"elementor-element elementor-element-941a5a6 e-con-full e-flex e-con e-child\" data-id=\"941a5a6\" data-element_type=\"container\" data-settings=\"{&quot;_ha_eqh_enable&quot;:false}\">\n\t\t\t\t<div class=\"elementor-element elementor-element-086bac4 elementor-widget elementor-widget-heading\" data-id=\"086bac4\" data-element_type=\"widget\" data-widget_type=\"heading.default\">\n\t\t\t\t<div class=\"elementor-widget-container\">\n\t\t\t<h2 class=\"elementor-heading-title elementor-size-default\">HISTORIA<\/h2>\t\t<\/div>\n\t\t\t\t<\/div>\n\t\t\t\t<div class=\"elementor-element elementor-element-e4ae3c3 elementor-widget__width-initial elementor-widget elementor-widget-text-editor\" data-id=\"e4ae3c3\" data-element_type=\"widget\" data-widget_type=\"text-editor.default\">\n\t\t\t\t<div class=\"elementor-widget-container\">\n\t\t\t\t\t\t\t<p>InOut Corp. fue fundado en el 2018 con un enfoque en el Mercado de consultor\u00eda para Sistemas de Informaci\u00f3n, ofreciendo una gran variedad de servicios y soluciones para cumplir con todas sus necesidades. Nuestra empresa cuenta con profesionales que poseen un gran dominio en las destrezas t\u00e9cnicas y gerenciales con una vasta experiencia en este campo. Nuestro compromiso por proveer un servicio de calidad no s\u00f3lo garantiza el \u00e9xito de su proyecto, sino que le permite a usted dedicarse de lleno a su negocio, maximizando las destrezas y fortalezas de su equipo de trabajo.<\/p>\t\t\t\t\t\t<\/div>\n\t\t\t\t<\/div>\n\t\t\t\t<\/div>\n\t\t\t\t\t<\/div>\n\t\t\t\t<\/div>\n\t\t<div class=\"elementor-element elementor-element-8b6ecba e-flex e-con-boxed e-con e-parent\" data-id=\"8b6ecba\" data-element_type=\"container\" data-settings=\"{&quot;background_background&quot;:&quot;classic&quot;,&quot;_ha_eqh_enable&quot;:false}\">\n\t\t\t\t\t<div class=\"e-con-inner\">\n\t\t<div class=\"elementor-element elementor-element-2e4324f e-con-full e-flex e-con e-child\" data-id=\"2e4324f\" data-element_type=\"container\" data-settings=\"{&quot;_ha_eqh_enable&quot;:false}\">\n\t\t\t\t<div class=\"elementor-element elementor-element-c6f563f elementor-widget elementor-widget-image\" data-id=\"c6f563f\" data-element_type=\"widget\" data-widget_type=\"image.default\">\n\t\t\t\t<div class=\"elementor-widget-container\">\n\t\t\t\t\t\t\t\t\t\t\t\t\t<img loading=\"lazy\" decoding=\"async\" width=\"128\" height=\"128\" src=\"https:\/\/www.inout.pro\/wp-content\/uploads\/2024\/10\/estrategias.png\" class=\"attachment-full size-full wp-image-210\" alt=\"\" \/>\t\t\t\t\t\t\t\t\t\t\t\t\t<\/div>\n\t\t\t\t<\/div>\n\t\t\t\t<div class=\"elementor-element elementor-element-673538b elementor-widget elementor-widget-heading\" data-id=\"673538b\" data-element_type=\"widget\" data-widget_type=\"heading.default\">\n\t\t\t\t<div class=\"elementor-widget-container\">\n\t\t\t<h2 class=\"elementor-heading-title elementor-size-default\">ESTRATEGIAS<\/h2>\t\t<\/div>\n\t\t\t\t<\/div>\n\t\t\t\t<div class=\"elementor-element elementor-element-5beba42 elementor-widget__width-initial elementor-widget elementor-widget-text-editor\" data-id=\"5beba42\" data-element_type=\"widget\" data-widget_type=\"text-editor.default\">\n\t\t\t\t<div class=\"elementor-widget-container\">\n\t\t\t\t\t\t\t<p><strong>|<\/strong> Asegurar que la empresa cuente con fondos de operaci\u00f3n necesarios para el desarrollo de sus proyector y servicios.<\/p><p><strong>|<\/strong> Establecer la estructura y los mec\u00e1nicos necesarios que aseguren la prestaci\u00f3n \u00e1gil de servicios de calidad que atiendan las necesidades del cliente.<\/p><p><strong>|<\/strong> Fomentar alianzas estrat\u00e9gicas con las mejores corporaciones de sistemas de informaci\u00f3n.<\/p><p><strong>|<\/strong> Crear un ambiente de trabajo que ofrezca retos y recompense la contribuci\u00f3n individual y grupal.<\/p><p><strong>|<\/strong> Comunicar qu\u00e9 somos, qu\u00e9 ofrecemos y qu\u00e9 hacemos bien.<\/p>\t\t\t\t\t\t<\/div>\n\t\t\t\t<\/div>\n\t\t\t\t<\/div>\n\t\t\t\t\t<\/div>\n\t\t\t\t<\/div>\n\t\t\t\t<\/div>\n\t\t","protected":false},"excerpt":{"rendered":"<p>Misi\u00f3n Contribuir al crecimiento tecnol\u00f3gico de nuestros clientes mediante la implementaci\u00f3n de soluciones reales que resulten en beneficios directos para su negocio, enmarcando nuestro compromiso con calidad total. La satisfacci\u00f3n del cliente es nuestra meta principal. Filosof\u00eda InOut Corp. es una empresa de consultor\u00eda que basa su filosof\u00eda de trabajo en el compromiso con la &#8230; <a title=\"\u00bfQui\u00e9nes Somos?\" class=\"read-more\" href=\"https:\/\/www.inout.pro\/index.php\/quienes-somos\/\" aria-label=\"Read more about \u00bfQui\u00e9nes Somos?\">Read more<\/a><\/p>\n","protected":false},"author":1,"featured_media":0,"parent":0,"menu_order":0,"comment_status":"closed","ping_status":"closed","template":"","meta":{"ngg_post_thumbnail":0,"footnotes":""},"class_list":["post-187","page","type-page","status-publish"],"_links":{"self":[{"href":"https:\/\/www.inout.pro\/index.php\/wp-json\/wp\/v2\/pages\/187"}],"collection":[{"href":"https:\/\/www.inout.pro\/index.php\/wp-json\/wp\/v2\/pages"}],"about":[{"href":"https:\/\/www.inout.pro\/index.php\/wp-json\/wp\/v2\/types\/page"}],"author":[{"embeddable":true,"href":"https:\/\/www.inout.pro\/index.php\/wp-json\/wp\/v2\/users\/1"}],"replies":[{"embeddable":true,"href":"https:\/\/www.inout.pro\/index.php\/wp-json\/wp\/v2\/comments?post=187"}],"version-history":[{"count":65,"href":"https:\/\/www.inout.pro\/index.php\/wp-json\/wp\/v2\/pages\/187\/revisions"}],"predecessor-version":[{"id":573,"href":"https:\/\/www.inout.pro\/index.php\/wp-json\/wp\/v2\/pages\/187\/revisions\/573"}],"wp:attachment":[{"href":"https:\/\/www.inout.pro\/index.php\/wp-json\/wp\/v2\/media?parent=187"}],"curies":[{"name":"wp","href":"https:\/\/api.w.org\/{rel}","templated":true}]}}