{"id":163,"date":"2024-10-11T18:51:51","date_gmt":"2024-10-11T18:51:51","guid":{"rendered":"http:\/\/2024.inout.pro\/?page_id=163"},"modified":"2024-10-11T20:48:06","modified_gmt":"2024-10-11T20:48:06","slug":"servicios","status":"publish","type":"page","link":"https:\/\/www.inout.pro\/index.php\/servicios\/","title":{"rendered":"Servicios"},"content":{"rendered":"\t\t<div data-elementor-type=\"wp-page\" data-elementor-id=\"163\" class=\"elementor elementor-163\">\n\t\t\t\t<div class=\"elementor-element elementor-element-4d5d3e5 e-flex e-con-boxed e-con e-parent\" data-id=\"4d5d3e5\" data-element_type=\"container\" data-settings=\"{&quot;background_background&quot;:&quot;classic&quot;,&quot;_ha_eqh_enable&quot;:false}\">\n\t\t\t\t\t<div class=\"e-con-inner\">\n\t\t\t\t<div class=\"elementor-element elementor-element-5a848fa elementor-widget elementor-widget-heading\" data-id=\"5a848fa\" data-element_type=\"widget\" data-widget_type=\"heading.default\">\n\t\t\t\t<div class=\"elementor-widget-container\">\n\t\t\t<h2 class=\"elementor-heading-title elementor-size-default\">SERVICIOS<\/h2>\t\t<\/div>\n\t\t\t\t<\/div>\n\t\t\t\t<div class=\"elementor-element elementor-element-01c621a elementor-widget__width-initial elementor-widget elementor-widget-text-editor\" data-id=\"01c621a\" data-element_type=\"widget\" data-widget_type=\"text-editor.default\">\n\t\t\t\t<div class=\"elementor-widget-container\">\n\t\t\t\t\t\t\t<p>InOut Corp. le puede ayudar a implantar estos avances tecnol\u00f3gicos mediante la evaluaci\u00f3n de sus necesidades actuales, sus planes futuros y sus consideraciones presuprestarias. Nos especializamos en los planes de mecanizaci\u00f3n y dise\u00f1o de redes de comunicaci\u00f3n local y extendida.<\/p>\n<p>Dada la alta especializaci\u00f3n en el mercado de la tecnolog\u00eda, las empresas se ven en la necesidad de emplear el uso de consultores para \u00e1reas de peritaje espec\u00edficas, cuando sus recursos internos no cuentan con el conocimiento o experiencia necesaria para el proyecto. La consultor\u00eda abarca una amplia gama de servicios para poder satisfacer esas necesidades particulares de cada cliente.<\/p>\n<p>En InOut Corp. contamos con una amplia experiencia en el desarrollo de websites y en el desarrollo de aplicaciones que utilizan el Internet en forma segura para efectuar operaciones entre oficinas, mejor conocidas como web-apps. Tambi\u00e9n utilizamos lenguajes orientados al desarrollo de sitios de Internet, tales como Java, VBScript, JavaScript, HTML, ASP y PHP.&nbsp;<\/p>\t\t\t\t\t\t<\/div>\n\t\t\t\t<\/div>\n\t\t\t\t\t<\/div>\n\t\t\t\t<\/div>\n\t\t<div class=\"elementor-element elementor-element-c04bbd1 e-flex e-con-boxed e-con e-parent\" data-id=\"c04bbd1\" data-element_type=\"container\" data-settings=\"{&quot;background_background&quot;:&quot;classic&quot;,&quot;_ha_eqh_enable&quot;:false}\">\n\t\t\t\t\t<div class=\"e-con-inner\">\n\t\t\t\t<div class=\"elementor-element elementor-element-3178c4c elementor-position-left elementor-vertical-align-top elementor-widget elementor-widget-image-box\" data-id=\"3178c4c\" data-element_type=\"widget\" data-widget_type=\"image-box.default\">\n\t\t\t\t<div class=\"elementor-widget-container\">\n\t\t\t<div class=\"elementor-image-box-wrapper\"><figure class=\"elementor-image-box-img\"><img decoding=\"async\" src=\"https:\/\/www.inout.pro\/wp-content\/uploads\/elementor\/thumbs\/apoyo-tecnico-quzc72e9tnx8kh8udfhgzprwf4f4ir8iggnjyviaqu.png\" title=\"Apoyo Tecnico\" alt=\"Apoyo Tecnico\" loading=\"lazy\" \/><\/figure><div class=\"elementor-image-box-content\"><h3 class=\"elementor-image-box-title\">APOYO T\u00c9CNICO<\/h3><p class=\"elementor-image-box-description\">Nuestra compa\u00f1\u00eda cuenta con el personal altamente cualificado en todas sus divisiones que pueden resolver cualquier problema t\u00e9cnico. El reto que toda empresa tiene es la implantaci\u00f3n efectiva de aquellos avances tecnol\u00f3gicos que satisfagan sus necesidades inmediatas, maximizando su inversi\u00f3n con tecnolog\u00edas que le permitan el crecimiento a corto y largo plazo.\n<\/p><\/div><\/div>\t\t<\/div>\n\t\t\t\t<\/div>\n\t\t\t\t<div class=\"elementor-element elementor-element-9dd69a3 elementor-widget elementor-widget-text-editor\" data-id=\"9dd69a3\" data-element_type=\"widget\" data-widget_type=\"text-editor.default\">\n\t\t\t\t<div class=\"elementor-widget-container\">\n\t\t\t\t\t\t\t<ul><li>Instalaci\u00f3n de productos y utilidades (Microsoft Office 365 y otros)<\/li><li>Programa de anti-virus, etc.<\/li><li>Instalaci\u00f3n de sistemas operativos<\/li><li>Instalaci\u00f3n de programas para alg\u00fan uso en espec\u00edfico.<\/li><li>Instalaci\u00f3n de cableado estructurado para data y voz<\/li><li>Instalaci\u00f3n de sistemas wireless para LAN<\/li><li>Instalaci\u00f3n y confirmaci\u00f3n de sistemas operativos para Windoes Servers<\/li><li>Resoluci\u00f3n de problemas relacionados a los productos antes mencionados<\/li><\/ul>\t\t\t\t\t\t<\/div>\n\t\t\t\t<\/div>\n\t\t\t\t\t<\/div>\n\t\t\t\t<\/div>\n\t\t<div class=\"elementor-element elementor-element-048bbba e-flex e-con-boxed e-con e-parent\" data-id=\"048bbba\" data-element_type=\"container\" data-settings=\"{&quot;background_background&quot;:&quot;classic&quot;,&quot;_ha_eqh_enable&quot;:false}\">\n\t\t\t\t\t<div class=\"e-con-inner\">\n\t\t\t\t<div class=\"elementor-element elementor-element-9ab299e elementor-position-left elementor-vertical-align-top elementor-widget elementor-widget-image-box\" data-id=\"9ab299e\" data-element_type=\"widget\" data-widget_type=\"image-box.default\">\n\t\t\t\t<div class=\"elementor-widget-container\">\n\t\t\t<div class=\"elementor-image-box-wrapper\"><figure class=\"elementor-image-box-img\"><img decoding=\"async\" src=\"https:\/\/www.inout.pro\/wp-content\/uploads\/elementor\/thumbs\/apoyo-tecnico-quzc72e9tnx8kh8udfhgzprwf4f4ir8iggnjyviaqu.png\" title=\"Apoyo Tecnico\" alt=\"Apoyo Tecnico\" loading=\"lazy\" \/><\/figure><div class=\"elementor-image-box-content\"><h3 class=\"elementor-image-box-title\">CONSULTOR\u00cdA<\/h3><p class=\"elementor-image-box-description\">Son muchas las ventajas que tiene el uso de recursos de consultor\u00eda en una empresa, desde la reducci\u00f3n en gastos de n\u00f3mina y en el \u201cturnover\u201d de personal hasta la mejor utilizaci\u00f3n del tiempo de los empleados, en las \u00e1reas que mejor dominan.\n<\/p><\/div><\/div>\t\t<\/div>\n\t\t\t\t<\/div>\n\t\t\t\t<div class=\"elementor-element elementor-element-9c0d7c0 elementor-widget elementor-widget-text-editor\" data-id=\"9c0d7c0\" data-element_type=\"widget\" data-widget_type=\"text-editor.default\">\n\t\t\t\t<div class=\"elementor-widget-container\">\n\t\t\t\t\t\t\t<ul><li>Auditor\u00eda de Sistema de Informaci\u00f3n<\/li><li>Consultor\u00eda Gerencial de Sistema de Informaci\u00f3n<\/li><li>Consultor\u00eda en Servicio de Internet-Intranet<\/li><li>Consultar\u00eda en dise\u00f1os e implementaciones de sistemas de seguridad<\/li><li>Consultar\u00eda en dise\u00f1o de infraestructura de redes de comunicaciones (LAN y WAN)<\/li><li>Dise\u00f1o de soluciones y cableado estructurado para Voz y Data<\/li><li>Dise\u00f1o de Fibra \u00d3ptica para Local Area Network<\/li><li>Asesor\u00eda procesos de control de calidad<\/li><li>Desarrollo e implementaci\u00f3n de pol\u00edticas de control de acceso y segurida<\/li><li>An\u00e1lisis, dise\u00f1o e implantaciones de procesos autom\u00e1ticos para la operaci\u00f3n de la red<\/li><li>Re-ingenier\u00eda de Sistemas de Informaci\u00f3n<\/li><li>Re-ingenier\u00eda de procesos del negocio<\/li><li>Manejo de proyectos de automatizaci\u00f3n: desde la evaluaci\u00f3n y selecci\u00f3n de alternativas hasta la implantaci\u00f3n de las mismas<\/li><li>Desarrollo de especificaciones de requerimientos (Request for Proposal)<\/li><li>Dise\u00f1o completo del escritorio de apoyo (Help Desk)<\/li><li>Dise\u00f1o e implantaci\u00f3n de redes (LAN y WAN) y de ambientes Cliente-Servidor (Ethernet, Token Ring y otros)<\/li><li>Dise\u00f1o de logos, perfiles corporativos e im\u00e1genes<\/li><li>Adiestramiento en herramientas corporativas (MS Office, Windows y otras)<\/li><\/ul>\t\t\t\t\t\t<\/div>\n\t\t\t\t<\/div>\n\t\t\t\t\t<\/div>\n\t\t\t\t<\/div>\n\t\t<div class=\"elementor-element elementor-element-395de12 e-flex e-con-boxed e-con e-parent\" data-id=\"395de12\" data-element_type=\"container\" data-settings=\"{&quot;background_background&quot;:&quot;classic&quot;,&quot;_ha_eqh_enable&quot;:false}\">\n\t\t\t\t\t<div class=\"e-con-inner\">\n\t\t\t\t<div class=\"elementor-element elementor-element-4d43edf elementor-position-left elementor-vertical-align-top elementor-widget elementor-widget-image-box\" data-id=\"4d43edf\" data-element_type=\"widget\" data-widget_type=\"image-box.default\">\n\t\t\t\t<div class=\"elementor-widget-container\">\n\t\t\t<div class=\"elementor-image-box-wrapper\"><figure class=\"elementor-image-box-img\"><img decoding=\"async\" src=\"https:\/\/www.inout.pro\/wp-content\/uploads\/elementor\/thumbs\/internet-intranet-quzc781ayo4yi50nghx8eocnzfnbsxuwh8kguj9xpi.png\" title=\"internet-intranet\" alt=\"internet-intranet\" loading=\"lazy\" \/><\/figure><div class=\"elementor-image-box-content\"><h3 class=\"elementor-image-box-title\">INTERNET \/ INTRANET<\/h3><p class=\"elementor-image-box-description\">El Internet se ha convertido en un medio poderoso para toda empresa que quiera promover sus servicios y productos de una forma econ\u00f3mica e innovadora. La variedad de usos y servicios que se pueden efectuar en este medio, est\u00e1 limitada solo por la imaginaci\u00f3n de sus desarrolladores. En general, el Internet permite a las empresas ofrecer informaci\u00f3n, promover servicios y productos, iniciar ventas de mercanc\u00eda, dar seguimiento a \u00f3rdenes de compra y establecer comunicaci\u00f3n con otros por medio del correo electr\u00f3nico. Tambi\u00e9n se ha convertido en una forma econ\u00f3mica para establecer la comunicaci\u00f3n entre las distintas oficinas de una empresa, permitiendo el acceso remoto de aplicaciones y bases de datos propietarias de esta empresa. \n<\/p><\/div><\/div>\t\t<\/div>\n\t\t\t\t<\/div>\n\t\t\t\t<div class=\"elementor-element elementor-element-fbdb9f1 elementor-widget elementor-widget-text-editor\" data-id=\"fbdb9f1\" data-element_type=\"widget\" data-widget_type=\"text-editor.default\">\n\t\t\t\t<div class=\"elementor-widget-container\">\n\t\t\t\t\t\t\t<p>Dada la importancia que este veh\u00edculo de negocios ha adquirido, se hace necesario y obligatorio a toda empresa, el establecer su presencia dentro de esta red para poder mantener su ventaja competitiva. El reto est\u00e1 en desarrollar un dise\u00f1o de p\u00e1ginas de Internet que sea atractivo, f\u00e1cil de utilizar, y que combine en forma efectiva tanto el ambiente gr\u00e1fico como el texto.<\/p><p>En InOut Corp. contamos con una amplia experiencia en el desarrollo de websites y en el desarrollo de aplicaciones que utilizan el Internet en forma segura para efectuar operaciones entre oficinas, mejor conocidas como web-apps. Tambi\u00e9n utilizamos lenguajes orientados al desarrollo de sitios de Internet, tales como Java, VBScript, JavaScript, HTML, ASP y PHP.\u00a0<\/p>\t\t\t\t\t\t<\/div>\n\t\t\t\t<\/div>\n\t\t\t\t\t<\/div>\n\t\t\t\t<\/div>\n\t\t<div class=\"elementor-element elementor-element-0007849 e-flex e-con-boxed e-con e-parent\" data-id=\"0007849\" data-element_type=\"container\" data-settings=\"{&quot;background_background&quot;:&quot;classic&quot;,&quot;_ha_eqh_enable&quot;:false}\">\n\t\t\t\t\t<div class=\"e-con-inner\">\n\t\t\t\t<div class=\"elementor-element elementor-element-8634702 elementor-position-left elementor-vertical-align-top elementor-widget elementor-widget-image-box\" data-id=\"8634702\" data-element_type=\"widget\" data-widget_type=\"image-box.default\">\n\t\t\t\t<div class=\"elementor-widget-container\">\n\t\t\t<div class=\"elementor-image-box-wrapper\"><figure class=\"elementor-image-box-img\"><img decoding=\"async\" src=\"https:\/\/www.inout.pro\/wp-content\/uploads\/elementor\/thumbs\/desarrollo-aplicaciones-quzc757se613jb4qwypcp72a7a185ujpgum0epe486.png\" title=\"desarrollo-aplicaciones\" alt=\"desarrollo-aplicaciones\" loading=\"lazy\" \/><\/figure><div class=\"elementor-image-box-content\"><h3 class=\"elementor-image-box-title\">DESARROLLO DE APLICACIONES<\/h3><p class=\"elementor-image-box-description\">En el mercado hay un sin n\u00famero de aplicaciones para manejar casi todas las operaciones en las empresas. Estos sistemas atienden las necesidades b\u00e1sicas de las operaciones, aunque nunca cumplen con el 100% de las necesidades y requerimientos de quienes las adquieren. Aunque muchas empresas pueden operar efectivamente con las limitaciones que las aplicaciones enlatadas tienen, existe un grupo de empresas cuyas funciones cr\u00edticas requieren una soluci\u00f3n desarrollada a la medida de sus necesidades particulares. <\/p><\/div><\/div>\t\t<\/div>\n\t\t\t\t<\/div>\n\t\t\t\t<div class=\"elementor-element elementor-element-4c45ff9 elementor-widget elementor-widget-text-editor\" data-id=\"4c45ff9\" data-element_type=\"widget\" data-widget_type=\"text-editor.default\">\n\t\t\t\t<div class=\"elementor-widget-container\">\n\t\t\t\t\t\t\t<p>Nos distingue el nivel de documentaci\u00f3n y adiestramiento que proveemos con cada aplicaci\u00f3n que desarrollamos, para garantizar la implementaci\u00f3n exitosa de cada proyecto. Con cada sistema se hace entrega del Manual del Usuario, donde se explica el uso del sistema, sus pantallas y se detallan cada uno de los archivos y campos de la base de datos del sistema.<\/p><p>Nuestro compromiso es utilizar la informaci\u00f3n de nuestros clientes, con el \u00fanico prop\u00f3sito de desarrollar la aplicaci\u00f3n solicitada, dentro de un marco de entera confidencialidad realizando el desarrollo de aplicaciones adaptadas.<\/p>\t\t\t\t\t\t<\/div>\n\t\t\t\t<\/div>\n\t\t\t\t\t<\/div>\n\t\t\t\t<\/div>\n\t\t<div class=\"elementor-element elementor-element-55104e0 e-flex e-con-boxed e-con e-parent\" data-id=\"55104e0\" data-element_type=\"container\" data-settings=\"{&quot;background_background&quot;:&quot;classic&quot;,&quot;_ha_eqh_enable&quot;:false}\">\n\t\t\t\t\t<div class=\"e-con-inner\">\n\t\t\t\t<div class=\"elementor-element elementor-element-5baa4d0 elementor-position-left elementor-vertical-align-top elementor-widget elementor-widget-image-box\" data-id=\"5baa4d0\" data-element_type=\"widget\" data-widget_type=\"image-box.default\">\n\t\t\t\t<div class=\"elementor-widget-container\">\n\t\t\t<div class=\"elementor-image-box-wrapper\"><figure class=\"elementor-image-box-img\"><img decoding=\"async\" src=\"https:\/\/www.inout.pro\/wp-content\/uploads\/elementor\/thumbs\/configuracion-redes-quzc73c40hyiw37h7xw3k7jd0iahqgc8slb1g5gwkm.png\" title=\"configuracion-redes\" alt=\"configuracion-redes\" loading=\"lazy\" \/><\/figure><div class=\"elementor-image-box-content\"><h3 class=\"elementor-image-box-title\">CONFIGURACI\u00d3N DE REDES<\/h3><\/div><\/div>\t\t<\/div>\n\t\t\t\t<\/div>\n\t\t\t\t<div class=\"elementor-element elementor-element-3c79486 elementor-widget elementor-widget-text-editor\" data-id=\"3c79486\" data-element_type=\"widget\" data-widget_type=\"text-editor.default\">\n\t\t\t\t<div class=\"elementor-widget-container\">\n\t\t\t\t\t\t\t<div class=\"box i-servicios\"><ul><li>Configuraci\u00f3n del correo electr\u00f3nico del Internet e integraci\u00f3n con el correo electr\u00f3nico de su red<\/li><li>Integraci\u00f3n del acceso al Internet dentro de su red (LAN\/WAN).<\/li><li>Configuraci\u00f3n de \u201cfirewalls\u201d y otros medios de seguridad y de control de acceso a los recursos de su red.<\/li><\/ul><\/div>\t\t\t\t\t\t<\/div>\n\t\t\t\t<\/div>\n\t\t\t\t\t<\/div>\n\t\t\t\t<\/div>\n\t\t<div class=\"elementor-element elementor-element-8463edd e-flex e-con-boxed e-con e-parent\" data-id=\"8463edd\" data-element_type=\"container\" data-settings=\"{&quot;background_background&quot;:&quot;classic&quot;,&quot;_ha_eqh_enable&quot;:false}\">\n\t\t\t\t\t<div class=\"e-con-inner\">\n\t\t\t\t<div class=\"elementor-element elementor-element-e2aad86 elementor-position-left elementor-vertical-align-top elementor-widget elementor-widget-image-box\" data-id=\"e2aad86\" data-element_type=\"widget\" data-widget_type=\"image-box.default\">\n\t\t\t\t<div class=\"elementor-widget-container\">\n\t\t\t<div class=\"elementor-image-box-wrapper\"><figure class=\"elementor-image-box-img\"><img decoding=\"async\" src=\"https:\/\/www.inout.pro\/wp-content\/uploads\/elementor\/thumbs\/documentacion-quzc773gru3o6j20lzilu6l7e1ryl8r653wzd9bbvq.png\" title=\"documentacion\" alt=\"documentacion\" loading=\"lazy\" \/><\/figure><div class=\"elementor-image-box-content\"><h3 class=\"elementor-image-box-title\">DOCUMENTACI\u00d3N<\/h3><p class=\"elementor-image-box-description\">La continuidad de las operaciones de toda empresa depende grandemente del nivel de documentaci\u00f3n que estas operaciones tengan. Por a\u00f1os, muchas empresas han atendido las necesidades inmediatas de crecimiento en sus operaciones y han descuidado la fase de documentaci\u00f3n. Ante eventos no esperados se enfrentan a la realidad de recuperar sus operaciones sin ninguna gu\u00eda o base de informaci\u00f3n confiable. Depende enteramente de los conocimientos que su personal clave posee y en muchos casos esto no es suficiente.<\/p><\/div><\/div>\t\t<\/div>\n\t\t\t\t<\/div>\n\t\t\t\t<div class=\"elementor-element elementor-element-bf9169b elementor-widget elementor-widget-text-editor\" data-id=\"bf9169b\" data-element_type=\"widget\" data-widget_type=\"text-editor.default\">\n\t\t\t\t<div class=\"elementor-widget-container\">\n\t\t\t\t\t\t\t<div id=\"anchor-documentacion\" class=\"box m-servicios\"><p>La documentaci\u00f3n en ciertas industrias de negocio es tan importante que hasta existen agencias reguladoras que establecen los formatos de documentaci\u00f3n que se debe seguir en estas industrias y efect\u00faan auditor\u00edas peri\u00f3dicas para validar la existencia y vigencia de sus documentos.<\/p><\/div><div class=\"box n-servicios\"><p>Dise\u00f1amos manuales para:<\/p><\/div><ul><li class=\"box o-servicios\">Planes de contingencia para desastres.<\/li><li class=\"box o-servicios\">Procedimientos, pol\u00edticas y reglamentos.<\/li><li class=\"box o-servicios\">Manuales de usuarios y manuales operacionales.<\/li><li class=\"box o-servicios\">Gu\u00eda de adiestramientos y auditorias.<\/li><li class=\"box o-servicios\">Gu\u00edas de control de seguridad.<\/li><li class=\"box o-servicios\">Diagramas arquitecturales tecnol\u00f3gicos.<\/li><\/ul>\t\t\t\t\t\t<\/div>\n\t\t\t\t<\/div>\n\t\t\t\t\t<\/div>\n\t\t\t\t<\/div>\n\t\t\t\t<\/div>\n\t\t","protected":false},"excerpt":{"rendered":"<p>SERVICIOS InOut Corp. le puede ayudar a implantar estos avances tecnol\u00f3gicos mediante la evaluaci\u00f3n de sus necesidades actuales, sus planes futuros y sus consideraciones presuprestarias. Nos especializamos en los planes de mecanizaci\u00f3n y dise\u00f1o de redes de comunicaci\u00f3n local y extendida. Dada la alta especializaci\u00f3n en el mercado de la tecnolog\u00eda, las empresas se ven &#8230; <a title=\"Servicios\" class=\"read-more\" href=\"https:\/\/www.inout.pro\/index.php\/servicios\/\" aria-label=\"Read more about Servicios\">Read more<\/a><\/p>\n","protected":false},"author":1,"featured_media":0,"parent":0,"menu_order":0,"comment_status":"closed","ping_status":"closed","template":"","meta":{"ngg_post_thumbnail":0,"footnotes":""},"class_list":["post-163","page","type-page","status-publish"],"_links":{"self":[{"href":"https:\/\/www.inout.pro\/index.php\/wp-json\/wp\/v2\/pages\/163"}],"collection":[{"href":"https:\/\/www.inout.pro\/index.php\/wp-json\/wp\/v2\/pages"}],"about":[{"href":"https:\/\/www.inout.pro\/index.php\/wp-json\/wp\/v2\/types\/page"}],"author":[{"embeddable":true,"href":"https:\/\/www.inout.pro\/index.php\/wp-json\/wp\/v2\/users\/1"}],"replies":[{"embeddable":true,"href":"https:\/\/www.inout.pro\/index.php\/wp-json\/wp\/v2\/comments?post=163"}],"version-history":[{"count":22,"href":"https:\/\/www.inout.pro\/index.php\/wp-json\/wp\/v2\/pages\/163\/revisions"}],"predecessor-version":[{"id":186,"href":"https:\/\/www.inout.pro\/index.php\/wp-json\/wp\/v2\/pages\/163\/revisions\/186"}],"wp:attachment":[{"href":"https:\/\/www.inout.pro\/index.php\/wp-json\/wp\/v2\/media?parent=163"}],"curies":[{"name":"wp","href":"https:\/\/api.w.org\/{rel}","templated":true}]}}