{"id":13,"date":"2024-10-02T18:58:34","date_gmt":"2024-10-02T18:58:34","guid":{"rendered":"http:\/\/2024.inout.pro\/?page_id=13"},"modified":"2026-01-23T15:10:29","modified_gmt":"2026-01-23T15:10:29","slug":"portada","status":"publish","type":"page","link":"https:\/\/www.inout.pro\/","title":{"rendered":"Portada"},"content":{"rendered":"\t\t<div data-elementor-type=\"wp-page\" data-elementor-id=\"13\" class=\"elementor elementor-13\">\n\t\t\t\t<div class=\"elementor-element elementor-element-1623d4f e-flex e-con-boxed e-con e-parent\" data-id=\"1623d4f\" data-element_type=\"container\" data-settings=\"{&quot;background_background&quot;:&quot;classic&quot;,&quot;_ha_eqh_enable&quot;:false}\">\n\t\t\t\t\t<div class=\"e-con-inner\">\n\t\t\t\t<div class=\"elementor-element elementor-element-1e2b00d elementor-widget elementor-widget-video\" data-id=\"1e2b00d\" data-element_type=\"widget\" data-settings=\"{&quot;video_type&quot;:&quot;hosted&quot;,&quot;controls&quot;:&quot;yes&quot;}\" data-widget_type=\"video.default\">\n\t\t\t\t<div class=\"elementor-widget-container\">\n\t\t\t\t\t<div class=\"e-hosted-video elementor-wrapper elementor-open-inline\">\n\t\t\t\t\t<video class=\"elementor-video\" src=\"https:\/\/www.inout.pro\/wp-content\/uploads\/2024\/10\/Video-Corporativo-Inout-Revision-Direccion-low.mp4\" controls=\"\" preload=\"metadata\" controlsList=\"nodownload\" poster=\"https:\/\/www.inout.pro\/wp-content\/uploads\/2024\/10\/placeholder-inout.jpg\"><\/video>\n\t\t\t\t<\/div>\n\t\t\t\t<\/div>\n\t\t\t\t<\/div>\n\t\t\t\t\t<\/div>\n\t\t\t\t<\/div>\n\t\t<div class=\"elementor-element elementor-element-2e51f4b e-flex e-con-boxed e-con e-parent\" data-id=\"2e51f4b\" data-element_type=\"container\" data-settings=\"{&quot;background_background&quot;:&quot;classic&quot;,&quot;_ha_eqh_enable&quot;:false}\">\n\t\t\t\t\t<div class=\"e-con-inner\">\n\t\t<div class=\"elementor-element elementor-element-28200c0 e-con-full e-flex e-con e-child\" data-id=\"28200c0\" data-element_type=\"container\" data-settings=\"{&quot;_ha_eqh_enable&quot;:false}\">\n\t\t\t\t<div class=\"elementor-element elementor-element-506d41f elementor-widget elementor-widget-image\" data-id=\"506d41f\" data-element_type=\"widget\" data-widget_type=\"image.default\">\n\t\t\t\t<div class=\"elementor-widget-container\">\n\t\t\t\t\t\t\t\t\t\t\t\t\t\t<a href=\"https:\/\/www.inout.pro\/index.php\/ces-2026\/\">\n\t\t\t\t\t\t\t<img fetchpriority=\"high\" decoding=\"async\" width=\"1024\" height=\"768\" src=\"https:\/\/www.inout.pro\/wp-content\/uploads\/2026\/01\/WhatsApp-Image-2026-01-12-at-8.47.55-AM-1024x768.jpeg\" class=\"attachment-large size-large wp-image-890\" alt=\"\" srcset=\"https:\/\/www.inout.pro\/wp-content\/uploads\/2026\/01\/WhatsApp-Image-2026-01-12-at-8.47.55-AM-1024x768.jpeg 1024w, https:\/\/www.inout.pro\/wp-content\/uploads\/2026\/01\/WhatsApp-Image-2026-01-12-at-8.47.55-AM-300x225.jpeg 300w, https:\/\/www.inout.pro\/wp-content\/uploads\/2026\/01\/WhatsApp-Image-2026-01-12-at-8.47.55-AM-768x576.jpeg 768w, https:\/\/www.inout.pro\/wp-content\/uploads\/2026\/01\/WhatsApp-Image-2026-01-12-at-8.47.55-AM-1536x1152.jpeg 1536w, https:\/\/www.inout.pro\/wp-content\/uploads\/2026\/01\/WhatsApp-Image-2026-01-12-at-8.47.55-AM.jpeg 1600w\" sizes=\"(max-width: 1024px) 100vw, 1024px\" \/>\t\t\t\t\t\t\t\t<\/a>\n\t\t\t\t\t\t\t\t\t\t\t\t\t<\/div>\n\t\t\t\t<\/div>\n\t\t\t\t<\/div>\n\t\t<div class=\"elementor-element elementor-element-c8fcef9 e-con-full e-flex e-con e-child\" data-id=\"c8fcef9\" data-element_type=\"container\" data-settings=\"{&quot;_ha_eqh_enable&quot;:false}\">\n\t\t\t\t<div class=\"elementor-element elementor-element-a71ec10 elementor-position-top elementor-widget elementor-widget-image-box\" data-id=\"a71ec10\" data-element_type=\"widget\" data-widget_type=\"image-box.default\">\n\t\t\t\t<div class=\"elementor-widget-container\">\n\t\t\t<div class=\"elementor-image-box-wrapper\"><figure class=\"elementor-image-box-img\"><a href=\"https:\/\/www.inout.pro\/index.php\/ces-2026\/\" tabindex=\"-1\"><img decoding=\"async\" width=\"200\" height=\"70\" src=\"https:\/\/www.inout.pro\/wp-content\/uploads\/2026\/01\/CES26_logo.png\" class=\"attachment-full size-full wp-image-892\" alt=\"\" \/><\/a><\/figure><div class=\"elementor-image-box-content\"><h3 class=\"elementor-image-box-title\"><a href=\"https:\/\/www.inout.pro\/index.php\/ces-2026\/\">INOUT PARTICIPA DE CES 2026<\/a><\/h3><p class=\"elementor-image-box-description\">Empresa puertorrique\u00f1a marca hito tras participar en la feria de tecnolog\u00eda m\u00e1s grande del mundo<\/p><\/div><\/div>\t\t<\/div>\n\t\t\t\t<\/div>\n\t\t\t\t<\/div>\n\t\t\t\t\t<\/div>\n\t\t\t\t<\/div>\n\t\t<div class=\"elementor-element elementor-element-a0f1eed e-grid e-con-boxed e-con e-parent\" data-id=\"a0f1eed\" data-element_type=\"container\" data-settings=\"{&quot;background_background&quot;:&quot;classic&quot;,&quot;_ha_eqh_enable&quot;:false}\">\n\t\t\t\t\t<div class=\"e-con-inner\">\n\t\t\t\t<div class=\"elementor-element elementor-element-6039e06 elementor-position-top elementor-widget elementor-widget-image-box\" data-id=\"6039e06\" data-element_type=\"widget\" data-widget_type=\"image-box.default\">\n\t\t\t\t<div class=\"elementor-widget-container\">\n\t\t\t<div class=\"elementor-image-box-wrapper\"><figure class=\"elementor-image-box-img\"><img decoding=\"async\" width=\"384\" height=\"384\" src=\"https:\/\/www.inout.pro\/wp-content\/uploads\/2024\/10\/apoyo-tecnico.png\" class=\"attachment-full size-full wp-image-38\" alt=\"Apoyo Tecnico\" srcset=\"https:\/\/www.inout.pro\/wp-content\/uploads\/2024\/10\/apoyo-tecnico.png 384w, https:\/\/www.inout.pro\/wp-content\/uploads\/2024\/10\/apoyo-tecnico-300x300.png 300w, https:\/\/www.inout.pro\/wp-content\/uploads\/2024\/10\/apoyo-tecnico-150x150.png 150w, https:\/\/www.inout.pro\/wp-content\/uploads\/2024\/10\/elementor\/thumbs\/apoyo-tecnico-quzc72e9giab32sq1r84cw4e3x5mx89soxa04gd4qi.png 25w, https:\/\/www.inout.pro\/wp-content\/uploads\/2024\/10\/elementor\/thumbs\/apoyo-tecnico-quzc72e9tnx8kh8udfhgzprwf4f4ir8iggnjyviaqu.png 55w\" sizes=\"(max-width: 384px) 100vw, 384px\" \/><\/figure><div class=\"elementor-image-box-content\"><h3 class=\"elementor-image-box-title\">Apoyo T\u00e9cnico<\/h3><\/div><\/div>\t\t<\/div>\n\t\t\t\t<\/div>\n\t\t\t\t<div class=\"elementor-element elementor-element-d130a00 elementor-position-top elementor-widget elementor-widget-image-box\" data-id=\"d130a00\" data-element_type=\"widget\" data-widget_type=\"image-box.default\">\n\t\t\t\t<div class=\"elementor-widget-container\">\n\t\t\t<div class=\"elementor-image-box-wrapper\"><figure class=\"elementor-image-box-img\"><img loading=\"lazy\" decoding=\"async\" width=\"415\" height=\"384\" src=\"https:\/\/www.inout.pro\/wp-content\/uploads\/2024\/10\/consultoria.png\" class=\"attachment-full size-full wp-image-40\" alt=\"\" srcset=\"https:\/\/www.inout.pro\/wp-content\/uploads\/2024\/10\/consultoria.png 415w, https:\/\/www.inout.pro\/wp-content\/uploads\/2024\/10\/consultoria-300x278.png 300w\" sizes=\"(max-width: 415px) 100vw, 415px\" \/><\/figure><div class=\"elementor-image-box-content\"><h3 class=\"elementor-image-box-title\">Consultor\u00eda<\/h3><\/div><\/div>\t\t<\/div>\n\t\t\t\t<\/div>\n\t\t\t\t<div class=\"elementor-element elementor-element-8b8cd1c elementor-position-top elementor-widget elementor-widget-image-box\" data-id=\"8b8cd1c\" data-element_type=\"widget\" data-widget_type=\"image-box.default\">\n\t\t\t\t<div class=\"elementor-widget-container\">\n\t\t\t<div class=\"elementor-image-box-wrapper\"><figure class=\"elementor-image-box-img\"><img loading=\"lazy\" decoding=\"async\" width=\"345\" height=\"384\" src=\"https:\/\/www.inout.pro\/wp-content\/uploads\/2024\/10\/internet-intranet.png\" class=\"attachment-full size-full wp-image-43\" alt=\"\" srcset=\"https:\/\/www.inout.pro\/wp-content\/uploads\/2024\/10\/internet-intranet.png 345w, https:\/\/www.inout.pro\/wp-content\/uploads\/2024\/10\/internet-intranet-270x300.png 270w\" sizes=\"(max-width: 345px) 100vw, 345px\" \/><\/figure><div class=\"elementor-image-box-content\"><h3 class=\"elementor-image-box-title\">Internet\/Intranet<\/h3><\/div><\/div>\t\t<\/div>\n\t\t\t\t<\/div>\n\t\t\t\t<div class=\"elementor-element elementor-element-a25a128 elementor-position-top elementor-widget elementor-widget-image-box\" data-id=\"a25a128\" data-element_type=\"widget\" data-widget_type=\"image-box.default\">\n\t\t\t\t<div class=\"elementor-widget-container\">\n\t\t\t<div class=\"elementor-image-box-wrapper\"><figure class=\"elementor-image-box-img\"><img loading=\"lazy\" decoding=\"async\" width=\"386\" height=\"386\" src=\"https:\/\/www.inout.pro\/wp-content\/uploads\/2024\/10\/desarrollo-aplicaciones.png\" class=\"attachment-full size-full wp-image-41\" alt=\"\" srcset=\"https:\/\/www.inout.pro\/wp-content\/uploads\/2024\/10\/desarrollo-aplicaciones.png 386w, https:\/\/www.inout.pro\/wp-content\/uploads\/2024\/10\/desarrollo-aplicaciones-300x300.png 300w, https:\/\/www.inout.pro\/wp-content\/uploads\/2024\/10\/desarrollo-aplicaciones-150x150.png 150w, https:\/\/www.inout.pro\/wp-content\/uploads\/2024\/10\/elementor\/thumbs\/desarrollo-aplicaciones-quzc757se613jb4qwypcp72a7a185ujpgum0epe486.png 55w\" sizes=\"(max-width: 386px) 100vw, 386px\" \/><\/figure><div class=\"elementor-image-box-content\"><h3 class=\"elementor-image-box-title\">Desarrollo de Aplicaciones<\/h3><\/div><\/div>\t\t<\/div>\n\t\t\t\t<\/div>\n\t\t\t\t<div class=\"elementor-element elementor-element-7e77d82 elementor-position-top elementor-widget elementor-widget-image-box\" data-id=\"7e77d82\" data-element_type=\"widget\" data-widget_type=\"image-box.default\">\n\t\t\t\t<div class=\"elementor-widget-container\">\n\t\t\t<div class=\"elementor-image-box-wrapper\"><figure class=\"elementor-image-box-img\"><img loading=\"lazy\" decoding=\"async\" width=\"384\" height=\"384\" src=\"https:\/\/www.inout.pro\/wp-content\/uploads\/2024\/10\/configuracion-redes.png\" class=\"attachment-full size-full wp-image-39\" alt=\"\" srcset=\"https:\/\/www.inout.pro\/wp-content\/uploads\/2024\/10\/configuracion-redes.png 384w, https:\/\/www.inout.pro\/wp-content\/uploads\/2024\/10\/configuracion-redes-300x300.png 300w, https:\/\/www.inout.pro\/wp-content\/uploads\/2024\/10\/configuracion-redes-150x150.png 150w, https:\/\/www.inout.pro\/wp-content\/uploads\/2024\/10\/elementor\/thumbs\/configuracion-redes-quzc73c40hyiw37h7xw3k7jd0iahqgc8slb1g5gwkm.png 55w\" sizes=\"(max-width: 384px) 100vw, 384px\" \/><\/figure><div class=\"elementor-image-box-content\"><h3 class=\"elementor-image-box-title\">Configuraci\u00f3n de Redes<\/h3><\/div><\/div>\t\t<\/div>\n\t\t\t\t<\/div>\n\t\t\t\t<div class=\"elementor-element elementor-element-59a9561 elementor-position-top elementor-widget elementor-widget-image-box\" data-id=\"59a9561\" data-element_type=\"widget\" data-widget_type=\"image-box.default\">\n\t\t\t\t<div class=\"elementor-widget-container\">\n\t\t\t<div class=\"elementor-image-box-wrapper\"><figure class=\"elementor-image-box-img\"><img loading=\"lazy\" decoding=\"async\" width=\"384\" height=\"359\" src=\"https:\/\/www.inout.pro\/wp-content\/uploads\/2024\/10\/documentacion.png\" class=\"attachment-full size-full wp-image-42\" alt=\"\" srcset=\"https:\/\/www.inout.pro\/wp-content\/uploads\/2024\/10\/documentacion.png 384w, https:\/\/www.inout.pro\/wp-content\/uploads\/2024\/10\/documentacion-300x280.png 300w\" sizes=\"(max-width: 384px) 100vw, 384px\" \/><\/figure><div class=\"elementor-image-box-content\"><h3 class=\"elementor-image-box-title\">Documentaci\u00f3n<\/h3><\/div><\/div>\t\t<\/div>\n\t\t\t\t<\/div>\n\t\t\t\t\t<\/div>\n\t\t\t\t<\/div>\n\t\t<div class=\"elementor-element elementor-element-2ffa12a e-flex e-con-boxed e-con e-parent\" data-id=\"2ffa12a\" data-element_type=\"container\" data-settings=\"{&quot;background_background&quot;:&quot;classic&quot;,&quot;_ha_eqh_enable&quot;:false}\">\n\t\t\t\t\t<div class=\"e-con-inner\">\n\t\t\t\t<div class=\"elementor-element elementor-element-7c99e55 elementor-widget elementor-widget-image\" data-id=\"7c99e55\" data-element_type=\"widget\" data-widget_type=\"image.default\">\n\t\t\t\t<div class=\"elementor-widget-container\">\n\t\t\t\t\t\t\t\t\t\t\t\t\t<img loading=\"lazy\" decoding=\"async\" width=\"768\" height=\"272\" src=\"https:\/\/www.inout.pro\/wp-content\/uploads\/2024\/10\/Fusion-entre-tecnologia-y-proyectos-768x272.png\" class=\"attachment-medium_large size-medium_large wp-image-55\" alt=\"Fusion entre Tecnologia y Proyectos\" srcset=\"https:\/\/www.inout.pro\/wp-content\/uploads\/2024\/10\/Fusion-entre-tecnologia-y-proyectos-768x272.png 768w, https:\/\/www.inout.pro\/wp-content\/uploads\/2024\/10\/Fusion-entre-tecnologia-y-proyectos-300x106.png 300w, https:\/\/www.inout.pro\/wp-content\/uploads\/2024\/10\/Fusion-entre-tecnologia-y-proyectos-1024x363.png 1024w, https:\/\/www.inout.pro\/wp-content\/uploads\/2024\/10\/Fusion-entre-tecnologia-y-proyectos-1536x545.png 1536w, https:\/\/www.inout.pro\/wp-content\/uploads\/2024\/10\/Fusion-entre-tecnologia-y-proyectos.png 1540w\" sizes=\"(max-width: 768px) 100vw, 768px\" \/>\t\t\t\t\t\t\t\t\t\t\t\t\t<\/div>\n\t\t\t\t<\/div>\n\t\t\t\t<div class=\"elementor-element elementor-element-176adab elementor-align-center elementor-widget elementor-widget-button\" data-id=\"176adab\" data-element_type=\"widget\" data-widget_type=\"button.default\">\n\t\t\t\t<div class=\"elementor-widget-container\">\n\t\t\t\t\t<div class=\"elementor-button-wrapper\">\n\t\t\t<a class=\"elementor-button elementor-button-link elementor-size-sm\" href=\"https:\/\/www.inout.pro\/index.php\/quienes-somos\/\">\n\t\t\t\t\t\t<span class=\"elementor-button-content-wrapper\">\n\t\t\t\t\t\t\t\t\t<span class=\"elementor-button-text\">CONOCE M\u00c1S<\/span>\n\t\t\t\t\t<\/span>\n\t\t\t\t\t<\/a>\n\t\t<\/div>\n\t\t\t\t<\/div>\n\t\t\t\t<\/div>\n\t\t\t\t\t<\/div>\n\t\t\t\t<\/div>\n\t\t<div class=\"elementor-element elementor-element-0d980bd e-flex e-con-boxed e-con e-parent\" data-id=\"0d980bd\" data-element_type=\"container\" data-settings=\"{&quot;_ha_eqh_enable&quot;:false}\">\n\t\t\t\t\t<div class=\"e-con-inner\">\n\t\t\t\t<div class=\"elementor-element elementor-element-63fad14 elementor-absolute elementor-widget elementor-widget-image\" data-id=\"63fad14\" data-element_type=\"widget\" data-settings=\"{&quot;_position&quot;:&quot;absolute&quot;,&quot;ha_floating_fx&quot;:&quot;yes&quot;,&quot;ha_floating_fx_translate_toggle&quot;:&quot;yes&quot;,&quot;ha_floating_fx_translate_x&quot;:{&quot;unit&quot;:&quot;px&quot;,&quot;size&quot;:&quot;&quot;,&quot;sizes&quot;:{&quot;from&quot;:-26,&quot;to&quot;:11}},&quot;ha_floating_fx_translate_y&quot;:{&quot;unit&quot;:&quot;px&quot;,&quot;size&quot;:&quot;&quot;,&quot;sizes&quot;:{&quot;from&quot;:-41,&quot;to&quot;:35}},&quot;ha_floating_fx_translate_duration&quot;:{&quot;unit&quot;:&quot;px&quot;,&quot;size&quot;:600,&quot;sizes&quot;:[]},&quot;ha_floating_fx_translate_delay&quot;:{&quot;unit&quot;:&quot;px&quot;,&quot;size&quot;:0,&quot;sizes&quot;:[]},&quot;ha_floating_fx_scale_toggle&quot;:&quot;yes&quot;,&quot;ha_floating_fx_scale_duration&quot;:{&quot;unit&quot;:&quot;px&quot;,&quot;size&quot;:1100,&quot;sizes&quot;:[]},&quot;ha_floating_fx_scale_x&quot;:{&quot;unit&quot;:&quot;px&quot;,&quot;size&quot;:&quot;&quot;,&quot;sizes&quot;:{&quot;from&quot;:1,&quot;to&quot;:1.2}},&quot;ha_floating_fx_scale_y&quot;:{&quot;unit&quot;:&quot;px&quot;,&quot;size&quot;:&quot;&quot;,&quot;sizes&quot;:{&quot;from&quot;:1,&quot;to&quot;:1.2}},&quot;ha_floating_fx_scale_delay&quot;:{&quot;unit&quot;:&quot;px&quot;,&quot;size&quot;:&quot;&quot;,&quot;sizes&quot;:[]}}\" data-widget_type=\"image.default\">\n\t\t\t\t<div class=\"elementor-widget-container\">\n\t\t\t\t\t\t\t\t\t\t\t\t\t<img loading=\"lazy\" decoding=\"async\" width=\"227\" height=\"300\" src=\"https:\/\/www.inout.pro\/wp-content\/uploads\/2024\/10\/Bruno-BOT-227x300.png\" class=\"attachment-medium size-medium wp-image-56\" alt=\"Bruno\" srcset=\"https:\/\/www.inout.pro\/wp-content\/uploads\/2024\/10\/Bruno-BOT-227x300.png 227w, https:\/\/www.inout.pro\/wp-content\/uploads\/2024\/10\/Bruno-BOT.png 533w\" sizes=\"(max-width: 227px) 100vw, 227px\" \/>\t\t\t\t\t\t\t\t\t\t\t\t\t<\/div>\n\t\t\t\t<\/div>\n\t\t\t\t<div class=\"elementor-element elementor-element-205d49d elementor-widget elementor-widget-heading\" data-id=\"205d49d\" data-element_type=\"widget\" data-widget_type=\"heading.default\">\n\t\t\t\t<div class=\"elementor-widget-container\">\n\t\t\t<h2 class=\"elementor-heading-title elementor-size-default\">\u00bfBUSCAS AYUDA<\/h2>\t\t<\/div>\n\t\t\t\t<\/div>\n\t\t\t\t<div class=\"elementor-element elementor-element-e73082c elementor-widget elementor-widget-heading\" data-id=\"e73082c\" data-element_type=\"widget\" data-widget_type=\"heading.default\">\n\t\t\t\t<div class=\"elementor-widget-container\">\n\t\t\t<h2 class=\"elementor-heading-title elementor-size-default\">para tus proyectos?<\/h2>\t\t<\/div>\n\t\t\t\t<\/div>\n\t\t\t\t<div class=\"elementor-element elementor-element-fb27363 elementor-align-justify elementor-widget__width-initial elementor-widget elementor-widget-button\" data-id=\"fb27363\" data-element_type=\"widget\" data-widget_type=\"button.default\">\n\t\t\t\t<div class=\"elementor-widget-container\">\n\t\t\t\t\t<div class=\"elementor-button-wrapper\">\n\t\t\t<a class=\"elementor-button elementor-button-link elementor-size-sm\" href=\"https:\/\/www.inout.pro\/index.php\/contactanos\/\">\n\t\t\t\t\t\t<span class=\"elementor-button-content-wrapper\">\n\t\t\t\t\t\t\t\t\t<span class=\"elementor-button-text\">CONT\u00c1CTANOS                  <\/span>\n\t\t\t\t\t<\/span>\n\t\t\t\t\t<\/a>\n\t\t<\/div>\n\t\t\t\t<\/div>\n\t\t\t\t<\/div>\n\t\t\t\t\t<\/div>\n\t\t\t\t<\/div>\n\t\t<div class=\"elementor-element elementor-element-f274dbd e-con-full e-flex e-con e-parent\" data-id=\"f274dbd\" data-element_type=\"container\" data-settings=\"{&quot;_ha_eqh_enable&quot;:false}\">\n\t\t\t\t<div class=\"elementor-element elementor-element-93646da elementor-hidden-desktop elementor-hidden-tablet elementor-widget elementor-widget-image\" data-id=\"93646da\" data-element_type=\"widget\" data-settings=\"{&quot;ha_floating_fx&quot;:&quot;yes&quot;,&quot;ha_floating_fx_translate_toggle&quot;:&quot;yes&quot;,&quot;ha_floating_fx_translate_x&quot;:{&quot;unit&quot;:&quot;px&quot;,&quot;size&quot;:&quot;&quot;,&quot;sizes&quot;:{&quot;from&quot;:-17,&quot;to&quot;:26}},&quot;ha_floating_fx_translate_y&quot;:{&quot;unit&quot;:&quot;px&quot;,&quot;size&quot;:&quot;&quot;,&quot;sizes&quot;:{&quot;from&quot;:-21,&quot;to&quot;:-5}},&quot;ha_floating_fx_translate_duration&quot;:{&quot;unit&quot;:&quot;px&quot;,&quot;size&quot;:1000,&quot;sizes&quot;:[]},&quot;ha_floating_fx_translate_delay&quot;:{&quot;unit&quot;:&quot;px&quot;,&quot;size&quot;:&quot;&quot;,&quot;sizes&quot;:[]}}\" data-widget_type=\"image.default\">\n\t\t\t\t<div class=\"elementor-widget-container\">\n\t\t\t\t\t\t\t\t\t\t\t\t\t<img loading=\"lazy\" decoding=\"async\" width=\"227\" height=\"300\" src=\"https:\/\/www.inout.pro\/wp-content\/uploads\/2024\/10\/Bruno-BOT-227x300.png\" class=\"attachment-medium size-medium wp-image-56\" alt=\"Bruno\" srcset=\"https:\/\/www.inout.pro\/wp-content\/uploads\/2024\/10\/Bruno-BOT-227x300.png 227w, https:\/\/www.inout.pro\/wp-content\/uploads\/2024\/10\/Bruno-BOT.png 533w\" sizes=\"(max-width: 227px) 100vw, 227px\" \/>\t\t\t\t\t\t\t\t\t\t\t\t\t<\/div>\n\t\t\t\t<\/div>\n\t\t\t\t<\/div>\n\t\t\t\t<\/div>\n\t\t","protected":false},"excerpt":{"rendered":"<p>https:\/\/www.inout.pro\/wp-content\/uploads\/2024\/10\/Video-Corporativo-Inout-Revision-Direccion-low.mp4 INOUT PARTICIPA DE CES 2026 Empresa puertorrique\u00f1a marca hito tras participar en la feria de tecnolog\u00eda m\u00e1s grande del mundo Apoyo T\u00e9cnico Consultor\u00eda Internet\/Intranet Desarrollo de Aplicaciones Configuraci\u00f3n de Redes Documentaci\u00f3n CONOCE M\u00c1S \u00bfBUSCAS AYUDA para tus proyectos? CONT\u00c1CTANOS<\/p>\n","protected":false},"author":1,"featured_media":0,"parent":0,"menu_order":0,"comment_status":"closed","ping_status":"closed","template":"","meta":{"ngg_post_thumbnail":0,"footnotes":""},"class_list":["post-13","page","type-page","status-publish"],"_links":{"self":[{"href":"https:\/\/www.inout.pro\/index.php\/wp-json\/wp\/v2\/pages\/13"}],"collection":[{"href":"https:\/\/www.inout.pro\/index.php\/wp-json\/wp\/v2\/pages"}],"about":[{"href":"https:\/\/www.inout.pro\/index.php\/wp-json\/wp\/v2\/types\/page"}],"author":[{"embeddable":true,"href":"https:\/\/www.inout.pro\/index.php\/wp-json\/wp\/v2\/users\/1"}],"replies":[{"embeddable":true,"href":"https:\/\/www.inout.pro\/index.php\/wp-json\/wp\/v2\/comments?post=13"}],"version-history":[{"count":52,"href":"https:\/\/www.inout.pro\/index.php\/wp-json\/wp\/v2\/pages\/13\/revisions"}],"predecessor-version":[{"id":924,"href":"https:\/\/www.inout.pro\/index.php\/wp-json\/wp\/v2\/pages\/13\/revisions\/924"}],"wp:attachment":[{"href":"https:\/\/www.inout.pro\/index.php\/wp-json\/wp\/v2\/media?parent=13"}],"curies":[{"name":"wp","href":"https:\/\/api.w.org\/{rel}","templated":true}]}}