{"id":111,"date":"2024-10-11T14:02:04","date_gmt":"2024-10-11T14:02:04","guid":{"rendered":"http:\/\/2024.inout.pro\/?page_id=111"},"modified":"2025-07-08T13:59:25","modified_gmt":"2025-07-08T13:59:25","slug":"appsbay","status":"publish","type":"page","link":"https:\/\/www.inout.pro\/index.php\/appsbay\/","title":{"rendered":"AppsBAY"},"content":{"rendered":"\t\t<div data-elementor-type=\"wp-page\" data-elementor-id=\"111\" class=\"elementor elementor-111\">\n\t\t\t\t<div class=\"elementor-element elementor-element-671209b e-con-full e-flex e-con e-parent\" data-id=\"671209b\" data-element_type=\"container\" data-settings=\"{&quot;background_background&quot;:&quot;classic&quot;,&quot;_ha_eqh_enable&quot;:false}\">\n\t\t\t\t<div class=\"elementor-element elementor-element-7b7cb49 elementor-widget__width-initial elementor-widget elementor-widget-heading\" data-id=\"7b7cb49\" data-element_type=\"widget\" data-widget_type=\"heading.default\">\n\t\t\t\t<div class=\"elementor-widget-container\">\n\t\t\t<h2 class=\"elementor-heading-title elementor-size-default\">Desarrollo de soluciones\nque simplifican los procesos para mayor productividad y toma de decisiones<\/h2>\t\t<\/div>\n\t\t\t\t<\/div>\n\t\t\t\t<\/div>\n\t\t<div class=\"elementor-element elementor-element-34263ef e-flex e-con-boxed e-con e-parent\" data-id=\"34263ef\" data-element_type=\"container\" data-settings=\"{&quot;_ha_eqh_enable&quot;:false}\">\n\t\t\t\t\t<div class=\"e-con-inner\">\n\t\t\t\t<div class=\"elementor-element elementor-element-44f3bf8 elementor-widget__width-initial elementor-widget elementor-widget-text-editor\" data-id=\"44f3bf8\" data-element_type=\"widget\" data-widget_type=\"text-editor.default\">\n\t\t\t\t<div class=\"elementor-widget-container\">\n\t\t\t\t\t\t\t<p>Nuestras aplicaciones, dise\u00f1adas y desarrolladas con precisi\u00f3n, abordan de manera integral las necesidades de gesti\u00f3n en diversos sectores. Desde el seguimiento de proyectos hasta el control de inventario, la administraci\u00f3n de registros de pacientes y la gesti\u00f3n financiera, nuestras soluciones est\u00e1n dise\u00f1adas para optimizar la eficiencia y brindar un control total sobre sus operaciones. Simplificamos la complejidad, ofreciendo herramientas poderosas que impulsan la productividad y mejoran la toma de decisiones en cada aspecto de su negocio.<\/p>\t\t\t\t\t\t<\/div>\n\t\t\t\t<\/div>\n\t\t\t\t\t<\/div>\n\t\t\t\t<\/div>\n\t\t<div class=\"elementor-element elementor-element-0355ec8 e-flex e-con-boxed e-con e-parent\" data-id=\"0355ec8\" data-element_type=\"container\" data-settings=\"{&quot;background_background&quot;:&quot;slideshow&quot;,&quot;background_slideshow_gallery&quot;:[],&quot;background_slideshow_loop&quot;:&quot;yes&quot;,&quot;background_slideshow_slide_duration&quot;:5000,&quot;background_slideshow_slide_transition&quot;:&quot;fade&quot;,&quot;background_slideshow_transition_duration&quot;:500,&quot;_ha_eqh_enable&quot;:false}\">\n\t\t\t\t\t<div class=\"e-con-inner\">\n\t\t\t\t<div class=\"elementor-element elementor-element-56366aa ha-has-bg-overlay elementor-widget elementor-widget-text-editor\" data-id=\"56366aa\" data-element_type=\"widget\" data-widget_type=\"text-editor.default\">\n\t\t\t\t<div class=\"elementor-widget-container\">\n\t\t\t\t\t\t\t<p><a href=\"https:\/\/www.inout.pro\/index.php\/lupa-bay-info\/\"><img decoding=\"async\" class=\"alignnone size-medium wp-image-127\" src=\"https:\/\/www.inout.pro\/wp-content\/uploads\/2024\/10\/lupa-bay-logo-300x129.png\" alt=\"\" width=\"300\" height=\"129\" srcset=\"https:\/\/www.inout.pro\/wp-content\/uploads\/2024\/10\/lupa-bay-logo-300x129.png 300w, https:\/\/www.inout.pro\/wp-content\/uploads\/2024\/10\/lupa-bay-logo.png 466w\" sizes=\"(max-width: 300px) 100vw, 300px\" \/><\/a><\/p>\t\t\t\t\t\t<\/div>\n\t\t\t\t<\/div>\n\t\t\t\t<div class=\"elementor-element elementor-element-4c323f2 elementor-widget__width-inherit ha-has-bg-overlay elementor-widget elementor-widget-text-editor\" data-id=\"4c323f2\" data-element_type=\"widget\" data-widget_type=\"text-editor.default\">\n\t\t\t\t<div class=\"elementor-widget-container\">\n\t\t\t\t\t\t\t<p><a href=\"http:\/\/2024.inout.pro\/index.php\/lupa-bay-info\/\"><span style=\"color: #3a3a3a; text-align: center;\">Sistema para el Manejo de Proyectos<\/span><\/a><\/p>\t\t\t\t\t\t<\/div>\n\t\t\t\t<\/div>\n\t\t\t\t\t<\/div>\n\t\t\t\t<\/div>\n\t\t<div class=\"elementor-element elementor-element-b3333cf e-grid appsbay e-con-boxed e-con e-parent\" data-id=\"b3333cf\" data-element_type=\"container\" id=\"appsbay\" data-settings=\"{&quot;_ha_eqh_enable&quot;:false}\">\n\t\t\t\t\t<div class=\"e-con-inner\">\n\t\t\t\t<div class=\"elementor-element elementor-element-94b52ab elementor-hidden-desktop elementor-hidden-tablet elementor-hidden-mobile ha-has-bg-overlay elementor-widget elementor-widget-text-editor\" data-id=\"94b52ab\" data-element_type=\"widget\" data-widget_type=\"text-editor.default\">\n\t\t\t\t<div class=\"elementor-widget-container\">\n\t\t\t\t\t\t\t<p><a href=\"http:\/\/2024.inout.pro\/index.php\/alma-bay\/\"><img decoding=\"async\" class=\"alignnone wp-image-134 size-medium\" src=\"http:\/\/2024.inout.pro\/wp-content\/uploads\/2024\/10\/alma-bay-logo-300x126.png\" alt=\"Alma-Bay Logo\" width=\"300\" height=\"126\" srcset=\"https:\/\/www.inout.pro\/wp-content\/uploads\/2024\/10\/alma-bay-logo-300x126.png 300w, https:\/\/www.inout.pro\/wp-content\/uploads\/2024\/10\/alma-bay-logo.png 480w\" sizes=\"(max-width: 300px) 100vw, 300px\" \/><\/a><\/p>\t\t\t\t\t\t<\/div>\n\t\t\t\t<\/div>\n\t\t\t\t<div class=\"elementor-element elementor-element-be08f09 elementor-hidden-desktop elementor-hidden-tablet elementor-hidden-mobile ha-has-bg-overlay elementor-widget elementor-widget-text-editor\" data-id=\"be08f09\" data-element_type=\"widget\" data-widget_type=\"text-editor.default\">\n\t\t\t\t<div class=\"elementor-widget-container\">\n\t\t\t\t\t\t\t<p><a href=\"http:\/\/2024.inout.pro\/index.php\/alma-bay\/\"><span style=\"color: #3a3a3a;\">Sistema para control\u00a0<\/span><span style=\"color: #3a3a3a;\">de inventario<\/span><\/a><\/p>\t\t\t\t\t\t<\/div>\n\t\t\t\t<\/div>\n\t\t\t\t\t<\/div>\n\t\t\t\t<\/div>\n\t\t<div class=\"elementor-element elementor-element-fab66b4 e-grid elementor-hidden-desktop elementor-hidden-tablet elementor-hidden-mobile e-con-boxed e-con e-parent\" data-id=\"fab66b4\" data-element_type=\"container\" data-settings=\"{&quot;_ha_eqh_enable&quot;:false}\">\n\t\t\t\t\t<div class=\"e-con-inner\">\n\t\t\t\t<div class=\"elementor-element elementor-element-f993579 ha-has-bg-overlay elementor-widget elementor-widget-text-editor\" data-id=\"f993579\" data-element_type=\"widget\" data-widget_type=\"text-editor.default\">\n\t\t\t\t<div class=\"elementor-widget-container\">\n\t\t\t\t\t\t\t<p><a href=\"http:\/\/2024.inout.pro\/index.php\/rescue-bay\/\"><img decoding=\"async\" class=\"alignnone wp-image-139\" src=\"http:\/\/2024.inout.pro\/wp-content\/uploads\/2024\/10\/rescue-bay-logo-e1728670519433.png\" alt=\"\" width=\"350\" height=\"122\" srcset=\"https:\/\/www.inout.pro\/wp-content\/uploads\/2024\/10\/rescue-bay-logo-e1728670519433.png 569w, https:\/\/www.inout.pro\/wp-content\/uploads\/2024\/10\/rescue-bay-logo-e1728670519433-300x105.png 300w\" sizes=\"(max-width: 350px) 100vw, 350px\" \/><\/a><\/p>\t\t\t\t\t\t<\/div>\n\t\t\t\t<\/div>\n\t\t\t\t<div class=\"elementor-element elementor-element-c38fcb8 ha-has-bg-overlay elementor-widget elementor-widget-text-editor\" data-id=\"c38fcb8\" data-element_type=\"widget\" data-widget_type=\"text-editor.default\">\n\t\t\t\t<div class=\"elementor-widget-container\">\n\t\t\t\t\t\t\t<p><a href=\"http:\/\/2024.inout.pro\/index.php\/arca-bay\/\"><img loading=\"lazy\" decoding=\"async\" class=\"alignnone wp-image-135 size-medium\" src=\"http:\/\/2024.inout.pro\/wp-content\/uploads\/2024\/10\/arca-bay-logo-300x138.png\" alt=\"\" width=\"300\" height=\"138\" srcset=\"https:\/\/www.inout.pro\/wp-content\/uploads\/2024\/10\/arca-bay-logo-300x138.png 300w, https:\/\/www.inout.pro\/wp-content\/uploads\/2024\/10\/arca-bay-logo.png 408w\" sizes=\"(max-width: 300px) 100vw, 300px\" \/><\/a><\/p>\t\t\t\t\t\t<\/div>\n\t\t\t\t<\/div>\n\t\t\t\t<div class=\"elementor-element elementor-element-efd291a ha-has-bg-overlay elementor-widget elementor-widget-text-editor\" data-id=\"efd291a\" data-element_type=\"widget\" data-widget_type=\"text-editor.default\">\n\t\t\t\t<div class=\"elementor-widget-container\">\n\t\t\t\t\t\t\t<p><a href=\"http:\/\/2024.inout.pro\/index.php\/rescue-bay\/\"><span style=\"color: #3a3a3a;\">Sistema para el Manejo de Pacientes<\/span><\/a><\/p>\t\t\t\t\t\t<\/div>\n\t\t\t\t<\/div>\n\t\t\t\t<div class=\"elementor-element elementor-element-e335f79 ha-has-bg-overlay elementor-widget elementor-widget-text-editor\" data-id=\"e335f79\" data-element_type=\"widget\" data-widget_type=\"text-editor.default\">\n\t\t\t\t<div class=\"elementor-widget-container\">\n\t\t\t\t\t\t\t<p><a href=\"http:\/\/2024.inout.pro\/index.php\/arca-bay\/\"><span style=\"color: #3a3a3a;\">Sistema para El Manejo\u00a0<\/span><span style=\"color: #3a3a3a;\">de presupuesto<\/span><\/a><\/p>\t\t\t\t\t\t<\/div>\n\t\t\t\t<\/div>\n\t\t\t\t\t<\/div>\n\t\t\t\t<\/div>\n\t\t<div class=\"elementor-element elementor-element-0afcf65 e-grid elementor-hidden-desktop elementor-hidden-tablet elementor-hidden-mobile e-con-boxed e-con e-parent\" data-id=\"0afcf65\" data-element_type=\"container\" data-settings=\"{&quot;_ha_eqh_enable&quot;:false}\">\n\t\t\t\t\t<div class=\"e-con-inner\">\n\t\t\t\t<div class=\"elementor-element elementor-element-1cfe299 ha-has-bg-overlay elementor-widget elementor-widget-text-editor\" data-id=\"1cfe299\" data-element_type=\"widget\" data-widget_type=\"text-editor.default\">\n\t\t\t\t<div class=\"elementor-widget-container\">\n\t\t\t\t\t\t\t<p><a href=\"http:\/\/2024.inout.pro\/index.php\/legaxis-bay\/\"><img loading=\"lazy\" decoding=\"async\" class=\"alignnone wp-image-156 size-medium\" src=\"http:\/\/2024.inout.pro\/wp-content\/uploads\/2024\/10\/legaxis-logo-300x98.png\" alt=\"\" width=\"300\" height=\"98\" srcset=\"https:\/\/www.inout.pro\/wp-content\/uploads\/2024\/10\/legaxis-logo-300x98.png 300w, https:\/\/www.inout.pro\/wp-content\/uploads\/2024\/10\/legaxis-logo.png 721w\" sizes=\"(max-width: 300px) 100vw, 300px\" \/><\/a><\/p>\t\t\t\t\t\t<\/div>\n\t\t\t\t<\/div>\n\t\t\t\t<div class=\"elementor-element elementor-element-13f4b20 ha-has-bg-overlay elementor-widget elementor-widget-text-editor\" data-id=\"13f4b20\" data-element_type=\"widget\" data-widget_type=\"text-editor.default\">\n\t\t\t\t<div class=\"elementor-widget-container\">\n\t\t\t\t\t\t\t<p><a href=\"http:\/\/2024.inout.pro\/index.php\/call-bay\/\"><img loading=\"lazy\" decoding=\"async\" class=\"alignnone wp-image-155 size-medium\" src=\"http:\/\/2024.inout.pro\/wp-content\/uploads\/2024\/10\/call-bay-logo-300x146.png\" alt=\"\" width=\"300\" height=\"146\" srcset=\"https:\/\/www.inout.pro\/wp-content\/uploads\/2024\/10\/call-bay-logo-300x146.png 300w, https:\/\/www.inout.pro\/wp-content\/uploads\/2024\/10\/call-bay-logo.png 512w\" sizes=\"(max-width: 300px) 100vw, 300px\" \/><\/a><\/p>\t\t\t\t\t\t<\/div>\n\t\t\t\t<\/div>\n\t\t\t\t<div class=\"elementor-element elementor-element-5f2120a ha-has-bg-overlay elementor-widget elementor-widget-text-editor\" data-id=\"5f2120a\" data-element_type=\"widget\" data-widget_type=\"text-editor.default\">\n\t\t\t\t<div class=\"elementor-widget-container\">\n\t\t\t\t\t\t\t<p><a href=\"http:\/\/2024.inout.pro\/index.php\/legaxis-bay\/\"><span style=\"color: #3a3a3a; text-align: center;\">Sistema para el Manejo de Contratos<\/span><\/a><\/p>\t\t\t\t\t\t<\/div>\n\t\t\t\t<\/div>\n\t\t\t\t<div class=\"elementor-element elementor-element-c6c03f1 ha-has-bg-overlay elementor-widget elementor-widget-text-editor\" data-id=\"c6c03f1\" data-element_type=\"widget\" data-widget_type=\"text-editor.default\">\n\t\t\t\t<div class=\"elementor-widget-container\">\n\t\t\t\t\t\t\t<p><a href=\"http:\/\/2024.inout.pro\/index.php\/call-bay\/\"><span style=\"color: #3a3a3a; text-align: center;\">Sistema para el Manejo Solicitudes de Servicio<\/span><\/a><\/p>\t\t\t\t\t\t<\/div>\n\t\t\t\t<\/div>\n\t\t\t\t\t<\/div>\n\t\t\t\t<\/div>\n\t\t\t\t<\/div>\n\t\t","protected":false},"excerpt":{"rendered":"<p>Desarrollo de soluciones que simplifican los procesos para mayor productividad y toma de decisiones Nuestras aplicaciones, dise\u00f1adas y desarrolladas con precisi\u00f3n, abordan de manera integral las necesidades de gesti\u00f3n en diversos sectores. Desde el seguimiento de proyectos hasta el control de inventario, la administraci\u00f3n de registros de pacientes y la gesti\u00f3n financiera, nuestras soluciones est\u00e1n &#8230; <a title=\"AppsBAY\" class=\"read-more\" href=\"https:\/\/www.inout.pro\/index.php\/appsbay\/\" aria-label=\"Read more about AppsBAY\">Read more<\/a><\/p>\n","protected":false},"author":1,"featured_media":0,"parent":0,"menu_order":0,"comment_status":"closed","ping_status":"closed","template":"","meta":{"ngg_post_thumbnail":0,"footnotes":""},"class_list":["post-111","page","type-page","status-publish"],"_links":{"self":[{"href":"https:\/\/www.inout.pro\/index.php\/wp-json\/wp\/v2\/pages\/111"}],"collection":[{"href":"https:\/\/www.inout.pro\/index.php\/wp-json\/wp\/v2\/pages"}],"about":[{"href":"https:\/\/www.inout.pro\/index.php\/wp-json\/wp\/v2\/types\/page"}],"author":[{"embeddable":true,"href":"https:\/\/www.inout.pro\/index.php\/wp-json\/wp\/v2\/users\/1"}],"replies":[{"embeddable":true,"href":"https:\/\/www.inout.pro\/index.php\/wp-json\/wp\/v2\/comments?post=111"}],"version-history":[{"count":79,"href":"https:\/\/www.inout.pro\/index.php\/wp-json\/wp\/v2\/pages\/111\/revisions"}],"predecessor-version":[{"id":885,"href":"https:\/\/www.inout.pro\/index.php\/wp-json\/wp\/v2\/pages\/111\/revisions\/885"}],"wp:attachment":[{"href":"https:\/\/www.inout.pro\/index.php\/wp-json\/wp\/v2\/media?parent=111"}],"curies":[{"name":"wp","href":"https:\/\/api.w.org\/{rel}","templated":true}]}}